{"id":4275,"date":"2023-08-31T14:13:28","date_gmt":"2023-08-31T12:13:28","guid":{"rendered":"https:\/\/www.vuma3d.com\/es\/?page_id=4275"},"modified":"2024-07-16T14:59:22","modified_gmt":"2024-07-16T12:59:22","slug":"precios-de-la-red-vuma-5-0","status":"publish","type":"page","link":"https:\/\/www.vuma3d.com\/es\/precios-de-la-red-vuma-5-0\/","title":{"rendered":"Precios de la red VUMA 5.0"},"content":{"rendered":"<section class=\"l-section wpb_row height_auto width_full\"><div class=\"l-section-h i-cf\"><div class=\"g-cols vc_row via_grid cols_1 laptops-cols_inherit tablets-cols_inherit mobiles-cols_1 valign_top type_default stacking_default\"><div class=\"wpb_column vc_column_container\"><div class=\"vc_column-inner\">\n\t\t\t<!-- START Vumanetwork Pricing REVOLUTION SLIDER 6.7.38 --><p class=\"rs-p-wp-fix\"><\/p>\n\t\t\t<rs-module-wrap id=\"rev_slider_19_1_wrapper\" data-source=\"gallery\" style=\"visibility:hidden;background:transparent;padding:0;margin:0px auto;margin-top:0;margin-bottom:0;\">\n\t\t\t\t<rs-module id=\"rev_slider_19_1\" style=\"\" data-version=\"6.7.38\">\n\t\t\t\t\t<rs-slides style=\"overflow: hidden; position: absolute;\">\n\t\t\t\t\t\t<rs-slide style=\"position: absolute;\" data-key=\"rs-35\" data-title=\"Slide\" data-anim=\"adpr:false;\" data-in=\"o:0;\" data-out=\"a:false;\">\n\t\t\t\t\t\t\t<img decoding=\"async\" src=\"\/\/www.vuma3d.com\/es\/wp-content\/plugins\/revslider\/sr6\/assets\/assets\/dummy.png\" alt=\"Slide\" class=\"rev-slidebg tp-rs-img rs-lazyload\" data-lazyload=\"\/\/www.vuma3d.com\/es\/wp-content\/plugins\/revslider\/sr6\/assets\/assets\/transparent.png\" data-no-retina>\n<!--\n\t\t\t\t\t\t\t--><rs-layer\n\t\t\t\t\t\t\t\tid=\"slider-19-slide-35-layer-0\" \n\t\t\t\t\t\t\t\tdata-type=\"image\"\n\t\t\t\t\t\t\t\tdata-rsp_ch=\"on\"\n\t\t\t\t\t\t\t\tdata-xy=\"x:l,l,c,c;xo:-335px,-450px,115px,0;y:m;\"\n\t\t\t\t\t\t\t\tdata-text=\"w:normal;s:20,16,12,7;l:0,20,15,9;\"\n\t\t\t\t\t\t\t\tdata-dim=\"w:1041px,1038px,1038px,1038px;h:401px,400px,400px,400px;\"\n\t\t\t\t\t\t\t\tdata-frame_0=\"x:-50,-41,-31,-19;\"\n\t\t\t\t\t\t\t\tdata-frame_1=\"sp:500;\"\n\t\t\t\t\t\t\t\tdata-frame_999=\"x:-50,-41,-31,-19;o:0;st:w;sp:500;sR:5000;\"\n\t\t\t\t\t\t\t\tstyle=\"z-index:6;\"\n\t\t\t\t\t\t\t><img decoding=\"async\" src=\"\/\/www.vuma3d.com\/es\/wp-content\/plugins\/revslider\/sr6\/assets\/assets\/dummy.png\" alt=\"\" class=\"tp-rs-img rs-lazyload\" width=\"1041\" height=\"401\" data-lazyload=\"\/\/www.vuma3d.com\/es\/wp-content\/uploads\/2020\/05\/Vuma-Left-Slide-Panel.png\" data-no-retina> \n\t\t\t\t\t\t\t<\/rs-layer><!--\n\n\t\t\t\t\t\t\t--><rs-layer\n\t\t\t\t\t\t\t\tid=\"slider-19-slide-35-layer-1\" \n\t\t\t\t\t\t\t\tdata-type=\"image\"\n\t\t\t\t\t\t\t\tdata-rsp_ch=\"on\"\n\t\t\t\t\t\t\t\tdata-xy=\"x:r;xo:-350px,-450px,-341px,-210px;y:m;\"\n\t\t\t\t\t\t\t\tdata-text=\"w:normal;s:20,16,12,7;l:0,20,15,9;\"\n\t\t\t\t\t\t\t\tdata-dim=\"w:1089px,1087px,825px,508px;h:400px,400px,303px,186px;\"\n\t\t\t\t\t\t\t\tdata-vbility=\"t,t,f,f\"\n\t\t\t\t\t\t\t\tdata-frame_0=\"x:50,41,31,19;\"\n\t\t\t\t\t\t\t\tdata-frame_1=\"st:500;sp:500;sR:500;\"\n\t\t\t\t\t\t\t\tdata-frame_999=\"x:50,41,31,19;o:0;st:w;sp:500;sR:4500;\"\n\t\t\t\t\t\t\t\tstyle=\"z-index:7;\"\n\t\t\t\t\t\t\t><img decoding=\"async\" src=\"\/\/www.vuma3d.com\/es\/wp-content\/plugins\/revslider\/sr6\/assets\/assets\/dummy.png\" alt=\"\" class=\"tp-rs-img rs-lazyload\" width=\"1089\" height=\"400\" data-lazyload=\"\/\/www.vuma3d.com\/es\/wp-content\/uploads\/2021\/07\/VUMA-Mine-Network-Simulation-Software.png\" data-no-retina> \n\t\t\t\t\t\t\t<\/rs-layer><!--\n\n\t\t\t\t\t\t\t--><rs-layer\n\t\t\t\t\t\t\t\tid=\"slider-19-slide-35-layer-2\" \n\t\t\t\t\t\t\t\tdata-type=\"text\"\n\t\t\t\t\t\t\t\tdata-rsp_ch=\"on\"\n\t\t\t\t\t\t\t\tdata-xy=\"x:l,l,c,c;xo:25px,15px,0,0;yo:70px,57px,70px,40px;\"\n\t\t\t\t\t\t\t\tdata-text=\"w:normal;s:35;l:50;fw:500;\"\n\t\t\t\t\t\t\t\tdata-frame_0=\"y:-50,-41,-31,-19;\"\n\t\t\t\t\t\t\t\tdata-frame_1=\"st:1000;sp:500;sR:1000;\"\n\t\t\t\t\t\t\t\tdata-frame_999=\"y:-50,-41,-31,-19;o:0;st:w;sp:500;sR:4000;\"\n\t\t\t\t\t\t\t\tstyle=\"z-index:11;font-family:'Poppins';\"\n\t\t\t\t\t\t\t>VUMA-network 5.0 \n\t\t\t\t\t\t\t<\/rs-layer><!--\n\n\t\t\t\t\t\t\t--><rs-layer\n\t\t\t\t\t\t\t\tid=\"slider-19-slide-35-layer-3\" \n\t\t\t\t\t\t\t\tdata-type=\"text\"\n\t\t\t\t\t\t\t\tdata-rsp_ch=\"on\"\n\t\t\t\t\t\t\t\tdata-xy=\"x:l,l,c,c;xo:25px,15px,0,0;y:m,m,m,t;yo:-5px,-4px,-3px,110px;\"\n\t\t\t\t\t\t\t\tdata-text=\"w:normal;s:19,19,19,18;l:25,25,25,23;a:left,left,center,center;\"\n\t\t\t\t\t\t\t\tdata-dim=\"w:450px,400px,450px,380px;\"\n\t\t\t\t\t\t\t\tdata-frame_0=\"sX:2;sY:2;\"\n\t\t\t\t\t\t\t\tdata-frame_0_mask=\"u:t;\"\n\t\t\t\t\t\t\t\tdata-frame_1=\"e:power2.out;st:1500;sp:500;sR:1500;\"\n\t\t\t\t\t\t\t\tdata-frame_1_mask=\"u:t;\"\n\t\t\t\t\t\t\t\tdata-frame_999=\"sX:2;sY:2;o:0;e:power2.out;st:w;sp:500;sR:3500;\"\n\t\t\t\t\t\t\t\tdata-frame_999_mask=\"u:t;\"\n\t\t\t\t\t\t\t\tstyle=\"z-index:10;font-family:'Poppins';\"\n\t\t\t\t\t\t\t>Acceda a nuestro programa interactivo de simulaci\u00f3n de redes. Planifique, dise\u00f1e, opere y controle los sistemas de ventilaci\u00f3n y refrigeraci\u00f3n de minas subterr\u00e1neas. \n\t\t\t\t\t\t\t<\/rs-layer><!--\n\n\t\t\t\t\t\t\t--><a\n\t\t\t\t\t\t\t\tid=\"slider-19-slide-35-layer-4\" \n\t\t\t\t\t\t\t\tclass=\"rs-layer rev-btn\"\n\t\t\t\t\t\t\t\thref=\"https:\/\/www.vuma3d.com\/es\/vuma-network\/#obtener-software-gratis\" target=\"_self\"\n\t\t\t\t\t\t\t\tdata-type=\"button\"\n\t\t\t\t\t\t\t\tdata-rsp_ch=\"on\"\n\t\t\t\t\t\t\t\tdata-xy=\"x:l,l,c,c;xo:250px,230px,110px,0;y:b;yo:70px,70px,70px,50px;\"\n\t\t\t\t\t\t\t\tdata-text=\"w:normal;s:20,19,19,20;l:28,25,25,25;fw:500;\"\n\t\t\t\t\t\t\t\tdata-dim=\"minh:0px,none,none,none;\"\n\t\t\t\t\t\t\t\tdata-padding=\"t:10;r:20;b:10;l:20;\"\n\t\t\t\t\t\t\t\tdata-frame_0=\"y:50,41,31,19;\"\n\t\t\t\t\t\t\t\tdata-frame_1=\"st:2000;sp:500;sR:2000;\"\n\t\t\t\t\t\t\t\tdata-frame_999=\"y:50,41,31,19;o:0;st:w;sp:500;sR:3000;\"\n\t\t\t\t\t\t\t\tdata-frame_hover=\"bgc:#b02b28;bor:0px,0px,0px,0px;sp:200;e:power1.inOut;\"\n\t\t\t\t\t\t\t\tstyle=\"z-index:9;background-color:#cf312d;font-family:'Poppins';\"\n\t\t\t\t\t\t\t>Descargar ahora \n\t\t\t\t\t\t\t<\/a><!--\n\n\t\t\t\t\t\t\t--><rs-layer\n\t\t\t\t\t\t\t\tid=\"slider-19-slide-35-layer-15\" \n\t\t\t\t\t\t\t\tclass=\"rev-btn\"\n\t\t\t\t\t\t\t\tdata-type=\"button\"\n\t\t\t\t\t\t\t\tdata-rsp_ch=\"on\"\n\t\t\t\t\t\t\t\tdata-xy=\"x:l,l,c,c;xo:25px,15px,-110px,0;y:b,b,b,m;yo:70px;\"\n\t\t\t\t\t\t\t\tdata-text=\"w:normal;s:20,19,19,20;l:28,25,25,25;fw:500;\"\n\t\t\t\t\t\t\t\tdata-dim=\"minh:0px,none,none,none;\"\n\t\t\t\t\t\t\t\tdata-actions='o:click;a:scrollbelow;offset:-100px;sp:1000ms;e:power1.inOut;'\n\t\t\t\t\t\t\t\tdata-padding=\"t:10;r:20;b:10;l:20;\"\n\t\t\t\t\t\t\t\tdata-frame_0=\"y:50,41,31,19;\"\n\t\t\t\t\t\t\t\tdata-frame_1=\"st:2000;sp:500;sR:2000;\"\n\t\t\t\t\t\t\t\tdata-frame_999=\"y:50,41,31,19;o:0;st:w;sp:500;sR:3000;\"\n\t\t\t\t\t\t\t\tdata-frame_hover=\"bgc:#ff9d00;bor:0px,0px,0px,0px;sp:200;e:power1.inOut;\"\n\t\t\t\t\t\t\t\tstyle=\"z-index:8;background-color:#ffc429;font-family:'Poppins';\"\n\t\t\t\t\t\t\t>M\u00e1s informaci\u00f3n \n\t\t\t\t\t\t\t<\/rs-layer><!--\n-->\t\t\t\t\t<\/rs-slide>\n\t\t\t\t\t<\/rs-slides>\n\t\t\t\t<\/rs-module>\n\t\t\t\t<script>\n\t\t\t\t\tsetREVStartSize({c: 'rev_slider_19_1',rl:[1240,1024,778,480],el:[400,400,400,400],gw:[1240,1024,778,480],gh:[400,400,400,400],type:'standard',justify:'',layout:'fullwidth',mh:\"0\"});if (window.RS_MODULES!==undefined && window.RS_MODULES.modules!==undefined && window.RS_MODULES.modules[\"revslider191\"]!==undefined) {window.RS_MODULES.modules[\"revslider191\"].once = false;window.revapi19 = undefined;if (window.RS_MODULES.checkMinimal!==undefined) window.RS_MODULES.checkMinimal()}\n\t\t\t\t<\/script>\n\t\t\t<\/rs-module-wrap>\n\t\t\t<!-- END REVOLUTION SLIDER -->\n<\/div><\/div><\/div><\/div><\/section><section class=\"l-section wpb_row height_auto\"><div class=\"l-section-h i-cf\"><div class=\"g-cols vc_row via_grid cols_1 laptops-cols_inherit tablets-cols_inherit mobiles-cols_1 valign_top type_default stacking_default\"><div class=\"wpb_column vc_column_container\"><div class=\"vc_column-inner\"><div class=\"w-separator size_custom\" style=\"height:2rem\"><\/div><\/div><\/div><\/div><\/div><\/section><section class=\"l-section wpb_row height_auto width_full\"><div class=\"l-section-h i-cf\"><div class=\"g-cols vc_row via_grid cols_1 laptops-cols_inherit tablets-cols_inherit mobiles-cols_1 valign_top type_default stacking_default\"><div class=\"wpb_column vc_column_container\"><div class=\"vc_column-inner\"><div class=\"w-image align_none\"><div class=\"w-image-h\"><img decoding=\"async\" width=\"1920\" height=\"50\" src=\"https:\/\/www.vuma3d.com\/es\/wp-content\/uploads\/2020\/05\/Vuma-Seperator-Banner-Design.png\" class=\"attachment-full size-full\" alt=\"\" loading=\"lazy\" srcset=\"https:\/\/www.vuma3d.com\/es\/wp-content\/uploads\/2020\/05\/Vuma-Seperator-Banner-Design.png 1920w, https:\/\/www.vuma3d.com\/es\/wp-content\/uploads\/2020\/05\/Vuma-Seperator-Banner-Design-300x8.png 300w, https:\/\/www.vuma3d.com\/es\/wp-content\/uploads\/2020\/05\/Vuma-Seperator-Banner-Design-1024x27.png 1024w\" sizes=\"auto, (max-width: 1920px) 100vw, 1920px\" \/><\/div><\/div><\/div><\/div><\/div><\/div><\/section><section class=\"l-section wpb_row height_medium\" id=\"contact-us\"><div class=\"l-section-h i-cf\"><div class=\"g-cols vc_row via_grid cols_2 laptops-cols_inherit tablets-cols_inherit mobiles-cols_1 valign_top type_default stacking_default\"><div class=\"wpb_column vc_column_container\"><div class=\"vc_column-inner\"><div class=\"wpb_text_column\"><div class=\"wpb_wrapper\"><h1>VUMA-network 5.0<\/h1>\n<\/div><\/div><div class=\"wpb_text_column\"><div class=\"wpb_wrapper\"><p>No dudes en ponerte en contacto con una de nuestras sucursales para cualquier consulta relacionada con soporte o ventas.<\/p>\n<\/div><\/div><div class=\"w-image align_none\"><div class=\"w-image-h\"><img decoding=\"async\" width=\"597\" height=\"263\" src=\"https:\/\/www.vuma3d.com\/es\/wp-content\/uploads\/2024\/07\/VUMA-network_Pricing-Table_01.png\" class=\"attachment-full size-full\" alt=\"\" loading=\"lazy\" srcset=\"https:\/\/www.vuma3d.com\/es\/wp-content\/uploads\/2024\/07\/VUMA-network_Pricing-Table_01.png 597w, https:\/\/www.vuma3d.com\/es\/wp-content\/uploads\/2024\/07\/VUMA-network_Pricing-Table_01-300x132.png 300w\" sizes=\"auto, (max-width: 597px) 100vw, 597px\" \/><\/div><\/div><div class=\"w-separator size_small\"><\/div><div class=\"wpb_text_column us_custom_f4397b66\"><div class=\"wpb_wrapper\"><p>1. Costo \u00fanico por licencia, que incluye el primer a\u00f1o de mantenimiento.<br \/>\n2. Tarifa de mantenimiento anual por licencia.<br \/>\n3. Todos los precios excluyen GST o VAT.<br \/>\n4. Todos los precios en $ est\u00e1n en d\u00f3lares estadounidenses.<br \/>\n5. Contacta a VUMA para consultas, se aplican t\u00e9rminos y condiciones.<\/p>\n<\/div><\/div><\/div><\/div><div class=\"wpb_column vc_column_container\"><div class=\"vc_column-inner\">\n<div class=\"wpcf7 no-js\" id=\"wpcf7-f4278-o1\" lang=\"en-ZA\" dir=\"ltr\" data-wpcf7-id=\"4278\">\n<div class=\"screen-reader-response\"><p role=\"status\" aria-live=\"polite\" aria-atomic=\"true\"><\/p> <ul><\/ul><\/div>\n<form action=\"\/es\/wp-json\/wp\/v2\/pages\/4275#wpcf7-f4278-o1\" method=\"post\" class=\"wpcf7-form init\" aria-label=\"Contact form\" novalidate=\"novalidate\" data-status=\"init\">\n<fieldset class=\"hidden-fields-container\"><input type=\"hidden\" name=\"_wpcf7\" value=\"4278\" \/><input type=\"hidden\" name=\"_wpcf7_version\" value=\"6.1.3\" \/><input type=\"hidden\" name=\"_wpcf7_locale\" value=\"en_ZA\" \/><input type=\"hidden\" name=\"_wpcf7_unit_tag\" value=\"wpcf7-f4278-o1\" \/><input type=\"hidden\" name=\"_wpcf7_container_post\" value=\"0\" \/><input type=\"hidden\" name=\"_wpcf7_posted_data_hash\" value=\"\" \/><input type=\"hidden\" name=\"_wpcf7_recaptcha_response\" value=\"\" \/>\n<\/fieldset>\n<div class=\"content-column full_width\">\n\t<div style=\"padding:2px;\">\n\t\t<p><span class=\"wpcf7-form-control-wrap\" data-name=\"tu-nombre\"><input size=\"40\" maxlength=\"400\" class=\"wpcf7-form-control wpcf7-text wpcf7-validates-as-required\" aria-required=\"true\" aria-invalid=\"false\" placeholder=\"Tu Nombre\" value=\"\" type=\"text\" name=\"tu-nombre\" \/><\/span>\n\t\t<\/p>\n\t<\/div>\n<\/div>\n<div class=\"content-column full_width\">\n\t<div style=\"padding:2px;\">\n\t\t<p><span class=\"wpcf7-form-control-wrap\" data-name=\"tu-numero\"><input size=\"40\" maxlength=\"400\" class=\"wpcf7-form-control wpcf7-text wpcf7-validates-as-required\" aria-required=\"true\" aria-invalid=\"false\" placeholder=\"Tu N\u00famero de Contacto\" value=\"\" type=\"text\" name=\"tu-numero\" \/><\/span>\n\t\t<\/p>\n\t<\/div>\n<\/div>\n<div class=\"content-column full_width\">\n\t<div style=\"padding:2px;\">\n\t\t<p><span class=\"wpcf7-form-control-wrap\" data-name=\"tu-correo-electronico\"><input size=\"40\" maxlength=\"400\" class=\"wpcf7-form-control wpcf7-email wpcf7-validates-as-required wpcf7-text wpcf7-validates-as-email\" aria-required=\"true\" aria-invalid=\"false\" placeholder=\"Tu Correo Electr\u00f3nico\" value=\"\" type=\"email\" name=\"tu-correo-electronico\" \/><\/span>\n\t\t<\/p>\n\t<\/div>\n<\/div>\n<div class=\"content-column full_width\">\n\t<div style=\"padding:2px;\">\n\t\t<p><span class=\"wpcf7-form-control-wrap\" data-name=\"tipo-de-producto\"><select class=\"wpcf7-form-control wpcf7-select wpcf7-validates-as-required\" aria-required=\"true\" aria-invalid=\"false\" name=\"tipo-de-producto\"><option value=\"Por favor selecciona un producto\u2026.\">Por favor selecciona un producto\u2026.<\/option><option value=\"VUMA-network Viewer\">VUMA-network Viewer<\/option><option value=\"VUMA-network Professional\">VUMA-network Professional<\/option><option value=\"VUMA-network Educational\">VUMA-network Educational<\/option><\/select><\/span>\n\t\t<\/p>\n\t<\/div>\n<\/div>\n<div class=\"content-column full_width\">\n\t<div style=\"padding:2px;\">\n\t\t<p><span class=\"wpcf7-form-control-wrap\" data-name=\"entrada-de-servicio\"><select class=\"wpcf7-form-control wpcf7-select\" aria-invalid=\"false\" name=\"entrada-de-servicio\"><option value=\"Por favor selecciona una opci\u00f3n\u2026\">Por favor selecciona una opci\u00f3n\u2026<\/option><option value=\"Consulta de Ventas\">Consulta de Ventas<\/option><option value=\"Consulta de Compra\">Consulta de Compra<\/option><option value=\"Otro\">Otro<\/option><\/select><\/span>\n\t\t<\/p>\n\t<\/div>\n<\/div>\n<div class=\"content-column full_width\">\n\t<div style=\"padding:2px;\">\n\t\t<p><span class=\"wpcf7-form-control-wrap\" data-name=\"tu-region\"><select class=\"wpcf7-form-control wpcf7-select\" aria-invalid=\"false\" name=\"tu-region\"><option value=\"De d\u00f3nde eres..\">De d\u00f3nde eres..<\/option><option value=\"Southern America\">Southern America<\/option><option value=\"Northern America\">Northern America<\/option><option value=\"Africa\">Africa<\/option><option value=\"Australasia\">Australasia<\/option><option value=\"Europe\">Europe<\/option><\/select><\/span>\n\t\t<\/p>\n\t<\/div>\n<\/div>\n<div class=\"content-column full_width\">\n\t<div style=\"padding:2px;\">\n\t\t<p><span class=\"wpcf7-form-control-wrap\" data-name=\"fuente-social\"><select class=\"wpcf7-form-control wpcf7-select\" aria-invalid=\"false\" name=\"fuente-social\"><option value=\"C\u00f3mo nos conociste? Por favor selecciona\u2026\">C\u00f3mo nos conociste? Por favor selecciona\u2026<\/option><option value=\"Anuncio de Google\">Anuncio de Google<\/option><option value=\"Resultado de B\u00fasqueda en Google\">Resultado de B\u00fasqueda en Google<\/option><option value=\"Anuncio en Facebook\">Anuncio en Facebook<\/option><option value=\"Anuncio en LinkedIn\">Anuncio en LinkedIn<\/option><option value=\"Bolet\u00edn Informativo\">Bolet\u00edn Informativo<\/option><option value=\"Referido\">Referido<\/option><option value=\"Cliente Anterior\">Cliente Anterior<\/option><option value=\"Otro\">Otro<\/option><\/select><\/span>\n\t\t<\/p>\n\t<\/div>\n<\/div>\n<div class=\"content-column full_width\">\n\t<div style=\"padding:2px;\">\n\t\t<p><span class=\"wpcf7-form-control-wrap\" data-name=\"tu-mensaje\"><textarea cols=\"40\" rows=\"1\" maxlength=\"2000\" class=\"wpcf7-form-control wpcf7-textarea wpcf7-validates-as-required\" aria-required=\"true\" aria-invalid=\"false\" placeholder=\"Mensaje\" name=\"tu-mensaje\"><\/textarea><\/span>\n\t\t<\/p>\n\t<\/div>\n<\/div>\n<div style=\"color:#cf312d;\">\n\t<p><!-- Mailchimp for WordPress v4.10.8 - https:\/\/www.mc4wp.com\/ --><input type=\"hidden\" name=\"_mc4wp_subscribe_contact-form-7\" value=\"0\" \/><span class=\"mc4wp-checkbox mc4wp-checkbox-contact-form-7 \"><label><input type=\"checkbox\" name=\"_mc4wp_subscribe_contact-form-7\" value=\"1\" ><span>Estoy interesado en recibir noticias y actualizaciones del software<\/span><\/label><\/span><!-- \/ Mailchimp for WordPress -->\n\t<\/p>\n<\/div>\n<p><input class=\"wpcf7-form-control wpcf7-submit has-spinner\" type=\"submit\" value=\"Enviar\" \/>\n<\/p><div class=\"wpcf7-response-output\" aria-hidden=\"true\"><\/div>\n<\/form>\n<\/div>\n<\/div><\/div><\/div><\/div><\/section>\n","protected":false},"excerpt":{"rendered":"VUMA-network 5.0 Acceda a nuestro programa interactivo de simulaci\u00f3n de redes. Planifique, dise\u00f1e, opere y controle los sistemas de ventilaci\u00f3n y refrigeraci\u00f3n de minas subterr\u00e1neas. Descargar ahora M\u00e1s informaci\u00f3n VUMA-network 5.0 No dudes en ponerte en contacto con una de nuestras sucursales para cualquier consulta relacionada con soporte o ventas. 1. Costo \u00fanico por licencia,...","protected":false},"author":4,"featured_media":0,"parent":0,"menu_order":0,"comment_status":"closed","ping_status":"closed","template":"","meta":{"footnotes":""},"class_list":["post-4275","page","type-page","status-publish","hentry"],"yoast_head":"<!-- This site is optimized with the Yoast SEO plugin v26.3 - https:\/\/yoast.com\/wordpress\/plugins\/seo\/ -->\n<title>VUMA-network gu\u00eda de precios de paquetes de software - VUMA<\/title>\n<meta name=\"description\" content=\"Obtenga acceso a nuestro software interactivo de simulaci\u00f3n de redes y transforme sus operaciones mineras. \u00a1Contacta hoy mismo a tu sucursal VUMA m\u00e1s cercana!\" \/>\n<meta name=\"robots\" content=\"index, follow, max-snippet:-1, max-image-preview:large, max-video-preview:-1\" \/>\n<link rel=\"canonical\" href=\"https:\/\/www.vuma3d.com\/es\/precios-de-la-red-vuma-5-0\/\" \/>\n<meta property=\"og:locale\" content=\"es_ES\" \/>\n<meta property=\"og:type\" content=\"article\" \/>\n<meta property=\"og:title\" content=\"VUMA-network gu\u00eda de precios de paquetes de software - VUMA\" \/>\n<meta property=\"og:description\" content=\"Obtenga acceso a nuestro software interactivo de simulaci\u00f3n de redes y transforme sus operaciones mineras. \u00a1Contacta hoy mismo a tu sucursal VUMA m\u00e1s cercana!\" \/>\n<meta property=\"og:url\" content=\"https:\/\/www.vuma3d.com\/es\/precios-de-la-red-vuma-5-0\/\" \/>\n<meta property=\"og:site_name\" content=\"Vuma Software\" \/>\n<meta property=\"article:modified_time\" content=\"2024-07-16T12:59:22+00:00\" \/>\n<meta name=\"twitter:card\" content=\"summary_large_image\" \/>\n<meta name=\"twitter:label1\" content=\"Tiempo de lectura\" \/>\n\t<meta name=\"twitter:data1\" content=\"1 minuto\" \/>\n<script type=\"application\/ld+json\" class=\"yoast-schema-graph\">{\"@context\":\"https:\/\/schema.org\",\"@graph\":[{\"@type\":\"WebPage\",\"@id\":\"https:\/\/www.vuma3d.com\/es\/precios-de-la-red-vuma-5-0\/\",\"url\":\"https:\/\/www.vuma3d.com\/es\/precios-de-la-red-vuma-5-0\/\",\"name\":\"VUMA-network gu\u00eda de precios de paquetes de software - VUMA\",\"isPartOf\":{\"@id\":\"https:\/\/www.vuma3d.com\/es\/#website\"},\"datePublished\":\"2023-08-31T12:13:28+00:00\",\"dateModified\":\"2024-07-16T12:59:22+00:00\",\"description\":\"Obtenga acceso a nuestro software interactivo de simulaci\u00f3n de redes y transforme sus operaciones mineras. \u00a1Contacta hoy mismo a tu sucursal VUMA m\u00e1s cercana!\",\"breadcrumb\":{\"@id\":\"https:\/\/www.vuma3d.com\/es\/precios-de-la-red-vuma-5-0\/#breadcrumb\"},\"inLanguage\":\"es\",\"potentialAction\":[{\"@type\":\"ReadAction\",\"target\":[\"https:\/\/www.vuma3d.com\/es\/precios-de-la-red-vuma-5-0\/\"]}]},{\"@type\":\"BreadcrumbList\",\"@id\":\"https:\/\/www.vuma3d.com\/es\/precios-de-la-red-vuma-5-0\/#breadcrumb\",\"itemListElement\":[{\"@type\":\"ListItem\",\"position\":1,\"name\":\"Home\",\"item\":\"https:\/\/www.vuma3d.com\/es\/\"},{\"@type\":\"ListItem\",\"position\":2,\"name\":\"Precios de la red VUMA 5.0\"}]},{\"@type\":\"WebSite\",\"@id\":\"https:\/\/www.vuma3d.com\/es\/#website\",\"url\":\"https:\/\/www.vuma3d.com\/es\/\",\"name\":\"Vuma Software\",\"description\":\"\",\"potentialAction\":[{\"@type\":\"SearchAction\",\"target\":{\"@type\":\"EntryPoint\",\"urlTemplate\":\"https:\/\/www.vuma3d.com\/es\/?s={search_term_string}\"},\"query-input\":{\"@type\":\"PropertyValueSpecification\",\"valueRequired\":true,\"valueName\":\"search_term_string\"}}],\"inLanguage\":\"es\"}]}<\/script>\n<!-- \/ Yoast SEO plugin. -->","yoast_head_json":{"title":"VUMA-network gu\u00eda de precios de paquetes de software - VUMA","description":"Obtenga acceso a nuestro software interactivo de simulaci\u00f3n de redes y transforme sus operaciones mineras. \u00a1Contacta hoy mismo a tu sucursal VUMA m\u00e1s cercana!","robots":{"index":"index","follow":"follow","max-snippet":"max-snippet:-1","max-image-preview":"max-image-preview:large","max-video-preview":"max-video-preview:-1"},"canonical":"https:\/\/www.vuma3d.com\/es\/precios-de-la-red-vuma-5-0\/","og_locale":"es_ES","og_type":"article","og_title":"VUMA-network gu\u00eda de precios de paquetes de software - VUMA","og_description":"Obtenga acceso a nuestro software interactivo de simulaci\u00f3n de redes y transforme sus operaciones mineras. \u00a1Contacta hoy mismo a tu sucursal VUMA m\u00e1s cercana!","og_url":"https:\/\/www.vuma3d.com\/es\/precios-de-la-red-vuma-5-0\/","og_site_name":"Vuma Software","article_modified_time":"2024-07-16T12:59:22+00:00","twitter_card":"summary_large_image","twitter_misc":{"Tiempo de lectura":"1 minuto"},"schema":{"@context":"https:\/\/schema.org","@graph":[{"@type":"WebPage","@id":"https:\/\/www.vuma3d.com\/es\/precios-de-la-red-vuma-5-0\/","url":"https:\/\/www.vuma3d.com\/es\/precios-de-la-red-vuma-5-0\/","name":"VUMA-network gu\u00eda de precios de paquetes de software - VUMA","isPartOf":{"@id":"https:\/\/www.vuma3d.com\/es\/#website"},"datePublished":"2023-08-31T12:13:28+00:00","dateModified":"2024-07-16T12:59:22+00:00","description":"Obtenga acceso a nuestro software interactivo de simulaci\u00f3n de redes y transforme sus operaciones mineras. \u00a1Contacta hoy mismo a tu sucursal VUMA m\u00e1s cercana!","breadcrumb":{"@id":"https:\/\/www.vuma3d.com\/es\/precios-de-la-red-vuma-5-0\/#breadcrumb"},"inLanguage":"es","potentialAction":[{"@type":"ReadAction","target":["https:\/\/www.vuma3d.com\/es\/precios-de-la-red-vuma-5-0\/"]}]},{"@type":"BreadcrumbList","@id":"https:\/\/www.vuma3d.com\/es\/precios-de-la-red-vuma-5-0\/#breadcrumb","itemListElement":[{"@type":"ListItem","position":1,"name":"Home","item":"https:\/\/www.vuma3d.com\/es\/"},{"@type":"ListItem","position":2,"name":"Precios de la red VUMA 5.0"}]},{"@type":"WebSite","@id":"https:\/\/www.vuma3d.com\/es\/#website","url":"https:\/\/www.vuma3d.com\/es\/","name":"Vuma Software","description":"","potentialAction":[{"@type":"SearchAction","target":{"@type":"EntryPoint","urlTemplate":"https:\/\/www.vuma3d.com\/es\/?s={search_term_string}"},"query-input":{"@type":"PropertyValueSpecification","valueRequired":true,"valueName":"search_term_string"}}],"inLanguage":"es"}]}},"_links":{"self":[{"href":"https:\/\/www.vuma3d.com\/es\/wp-json\/wp\/v2\/pages\/4275","targetHints":{"allow":["GET"]}}],"collection":[{"href":"https:\/\/www.vuma3d.com\/es\/wp-json\/wp\/v2\/pages"}],"about":[{"href":"https:\/\/www.vuma3d.com\/es\/wp-json\/wp\/v2\/types\/page"}],"author":[{"embeddable":true,"href":"https:\/\/www.vuma3d.com\/es\/wp-json\/wp\/v2\/users\/4"}],"replies":[{"embeddable":true,"href":"https:\/\/www.vuma3d.com\/es\/wp-json\/wp\/v2\/comments?post=4275"}],"version-history":[{"count":13,"href":"https:\/\/www.vuma3d.com\/es\/wp-json\/wp\/v2\/pages\/4275\/revisions"}],"predecessor-version":[{"id":5205,"href":"https:\/\/www.vuma3d.com\/es\/wp-json\/wp\/v2\/pages\/4275\/revisions\/5205"}],"wp:attachment":[{"href":"https:\/\/www.vuma3d.com\/es\/wp-json\/wp\/v2\/media?parent=4275"}],"curies":[{"name":"wp","href":"https:\/\/api.w.org\/{rel}","templated":true}]}}