{"id":1660,"date":"2021-10-13T08:11:51","date_gmt":"2021-10-13T06:11:51","guid":{"rendered":"https:\/\/www.vuma3d.com\/es\/?page_id=1660"},"modified":"2024-07-22T07:47:11","modified_gmt":"2024-07-22T05:47:11","slug":"archivos-de-ayuda","status":"publish","type":"page","link":"https:\/\/www.vuma3d.com\/es\/archivos-de-ayuda\/","title":{"rendered":"Archivos de Ayuda"},"content":{"rendered":"<section class=\"l-section wpb_row height_auto width_full\"><div class=\"l-section-h i-cf\"><div class=\"g-cols vc_row via_grid cols_1 laptops-cols_inherit tablets-cols_inherit mobiles-cols_1 valign_top type_default stacking_default\"><div class=\"wpb_column vc_column_container\"><div class=\"vc_column-inner\">\n\t\t\t<!-- START Help Files REVOLUTION SLIDER 6.7.38 --><p class=\"rs-p-wp-fix\"><\/p>\n\t\t\t<rs-module-wrap id=\"rev_slider_17_1_wrapper\" data-source=\"gallery\" style=\"visibility:hidden;background:transparent;padding:0;margin:0px auto;margin-top:0;margin-bottom:0;\">\n\t\t\t\t<rs-module id=\"rev_slider_17_1\" style=\"\" data-version=\"6.7.38\">\n\t\t\t\t\t<rs-slides style=\"overflow: hidden; position: absolute;\">\n\t\t\t\t\t\t<rs-slide style=\"position: absolute;\" data-key=\"rs-31\" data-title=\"Slide\" data-anim=\"adpr:false;\" data-in=\"o:0;\" data-out=\"a:false;\">\n\t\t\t\t\t\t\t<img decoding=\"async\" src=\"\/\/www.vuma3d.com\/es\/wp-content\/plugins\/revslider\/sr6\/assets\/assets\/dummy.png\" alt=\"Slide\" class=\"rev-slidebg tp-rs-img rs-lazyload\" data-lazyload=\"\/\/www.vuma3d.com\/es\/wp-content\/plugins\/revslider\/sr6\/assets\/assets\/transparent.png\" data-no-retina>\n<!--\n\t\t\t\t\t\t\t--><rs-layer\n\t\t\t\t\t\t\t\tid=\"slider-17-slide-31-layer-0\" \n\t\t\t\t\t\t\t\tdata-type=\"image\"\n\t\t\t\t\t\t\t\tdata-rsp_ch=\"on\"\n\t\t\t\t\t\t\t\tdata-xy=\"x:l,l,c,c;xo:-335px,-450px,115px,0;y:m;\"\n\t\t\t\t\t\t\t\tdata-text=\"w:normal;s:20,16,12,7;l:0,20,15,9;\"\n\t\t\t\t\t\t\t\tdata-dim=\"w:1041px,1038px,1038px,1038px;h:401px,400px,400px,400px;\"\n\t\t\t\t\t\t\t\tdata-frame_0=\"x:-50,-41,-31,-19;\"\n\t\t\t\t\t\t\t\tdata-frame_1=\"sp:500;\"\n\t\t\t\t\t\t\t\tdata-frame_999=\"x:-50,-41,-31,-19;o:0;st:w;sp:500;sR:5000;\"\n\t\t\t\t\t\t\t\tstyle=\"z-index:8;\"\n\t\t\t\t\t\t\t><img decoding=\"async\" src=\"\/\/www.vuma3d.com\/es\/wp-content\/plugins\/revslider\/sr6\/assets\/assets\/dummy.png\" alt=\"\" class=\"tp-rs-img rs-lazyload\" width=\"1041\" height=\"401\" data-lazyload=\"\/\/www.vuma3d.com\/es\/wp-content\/uploads\/2020\/05\/Vuma-Left-Slide-Panel.png\" data-no-retina> \n\t\t\t\t\t\t\t<\/rs-layer><!--\n\n\t\t\t\t\t\t\t--><rs-layer\n\t\t\t\t\t\t\t\tid=\"slider-17-slide-31-layer-1\" \n\t\t\t\t\t\t\t\tdata-type=\"image\"\n\t\t\t\t\t\t\t\tdata-rsp_ch=\"on\"\n\t\t\t\t\t\t\t\tdata-xy=\"x:r;xo:-350px,-450px,-341px,-210px;y:m;\"\n\t\t\t\t\t\t\t\tdata-text=\"w:normal;s:20,16,12,7;l:0,20,15,9;\"\n\t\t\t\t\t\t\t\tdata-dim=\"w:1090px,1087px,825px,508px;h:401px,400px,303px,186px;\"\n\t\t\t\t\t\t\t\tdata-vbility=\"t,t,f,f\"\n\t\t\t\t\t\t\t\tdata-frame_0=\"x:50,41,31,19;\"\n\t\t\t\t\t\t\t\tdata-frame_1=\"st:500;sp:500;sR:500;\"\n\t\t\t\t\t\t\t\tdata-frame_999=\"x:50,41,31,19;o:0;st:w;sp:500;sR:4500;\"\n\t\t\t\t\t\t\t\tstyle=\"z-index:9;\"\n\t\t\t\t\t\t\t><img decoding=\"async\" src=\"\/\/www.vuma3d.com\/es\/wp-content\/plugins\/revslider\/sr6\/assets\/assets\/dummy.png\" alt=\"\" class=\"tp-rs-img rs-lazyload\" width=\"1090\" height=\"401\" data-lazyload=\"\/\/www.vuma3d.com\/es\/wp-content\/uploads\/2021\/10\/VUMA-Support-Documentation.png\" data-no-retina> \n\t\t\t\t\t\t\t<\/rs-layer><!--\n\n\t\t\t\t\t\t\t--><rs-layer\n\t\t\t\t\t\t\t\tid=\"slider-17-slide-31-layer-2\" \n\t\t\t\t\t\t\t\tdata-type=\"text\"\n\t\t\t\t\t\t\t\tdata-rsp_ch=\"on\"\n\t\t\t\t\t\t\t\tdata-xy=\"x:l,l,c,c;xo:25px,20px,0,0;y:t,t,m,m;yo:100px,82px,-80px,-80px;\"\n\t\t\t\t\t\t\t\tdata-text=\"w:normal;s:35;l:50;fw:500;\"\n\t\t\t\t\t\t\t\tdata-frame_0=\"y:-50,-41,-31,-19;\"\n\t\t\t\t\t\t\t\tdata-frame_1=\"st:1000;sp:500;sR:1000;\"\n\t\t\t\t\t\t\t\tdata-frame_999=\"y:-50,-41,-31,-19;o:0;st:w;sp:500;sR:4000;\"\n\t\t\t\t\t\t\t\tstyle=\"z-index:13;font-family:'Poppins';\"\n\t\t\t\t\t\t\t>Archivos de ayuda \n\t\t\t\t\t\t\t<\/rs-layer><!--\n\n\t\t\t\t\t\t\t--><rs-layer\n\t\t\t\t\t\t\t\tid=\"slider-17-slide-31-layer-3\" \n\t\t\t\t\t\t\t\tdata-type=\"text\"\n\t\t\t\t\t\t\t\tdata-rsp_ch=\"on\"\n\t\t\t\t\t\t\t\tdata-xy=\"x:l,l,c,c;xo:25px,20px,0,0;y:m;yo:-5px,-4px,-3px,0;\"\n\t\t\t\t\t\t\t\tdata-text=\"w:normal;s:20,20,20,18;l:25,25,25,23;a:left,left,center,center;\"\n\t\t\t\t\t\t\t\tdata-dim=\"w:450px,400px,450px,400px;\"\n\t\t\t\t\t\t\t\tdata-frame_0=\"sX:2;sY:2;\"\n\t\t\t\t\t\t\t\tdata-frame_0_mask=\"u:t;\"\n\t\t\t\t\t\t\t\tdata-frame_1=\"e:power2.out;st:1500;sp:500;sR:1500;\"\n\t\t\t\t\t\t\t\tdata-frame_1_mask=\"u:t;\"\n\t\t\t\t\t\t\t\tdata-frame_999=\"sX:2;sY:2;o:0;e:power2.out;st:w;sp:500;sR:3500;\"\n\t\t\t\t\t\t\t\tdata-frame_999_mask=\"u:t;\"\n\t\t\t\t\t\t\t\tstyle=\"z-index:12;font-family:'Poppins';\"\n\t\t\t\t\t\t\t>Echa un vistazo a nuestro documento de soporte \n\t\t\t\t\t\t\t<\/rs-layer><!--\n\n\t\t\t\t\t\t\t--><rs-layer\n\t\t\t\t\t\t\t\tid=\"slider-17-slide-31-layer-15\" \n\t\t\t\t\t\t\t\tclass=\"rev-btn\"\n\t\t\t\t\t\t\t\tdata-type=\"button\"\n\t\t\t\t\t\t\t\tdata-rsp_ch=\"on\"\n\t\t\t\t\t\t\t\tdata-xy=\"x:l,l,c,c;xo:25px,25px,0,0;y:b,b,m,m;yo:100px,70px,80px,80px;\"\n\t\t\t\t\t\t\t\tdata-text=\"w:normal;s:20,20,20,20;l:28,25,25,25;fw:500;\"\n\t\t\t\t\t\t\t\tdata-dim=\"minh:0px,none,none,none;\"\n\t\t\t\t\t\t\t\tdata-actions='id:mas-informacion;o:click;a:scrollto;offset:-150px;sp:1000ms;e:power1.inOut;'\n\t\t\t\t\t\t\t\tdata-padding=\"t:10;r:20;b:10;l:20;\"\n\t\t\t\t\t\t\t\tdata-frame_0=\"y:50,41,31,19;\"\n\t\t\t\t\t\t\t\tdata-frame_1=\"st:2000;sp:500;sR:2000;\"\n\t\t\t\t\t\t\t\tdata-frame_999=\"y:50,41,31,19;o:0;st:w;sp:500;sR:3000;\"\n\t\t\t\t\t\t\t\tdata-frame_hover=\"bgc:#ff9d00;bor:0px,0px,0px,0px;sp:200;e:power1.inOut;\"\n\t\t\t\t\t\t\t\tstyle=\"z-index:10;background-color:#ffc429;font-family:'Poppins';\"\n\t\t\t\t\t\t\t>M\u00e1s informaci\u00f3n \n\t\t\t\t\t\t\t<\/rs-layer><!--\n-->\t\t\t\t\t<\/rs-slide>\n\t\t\t\t\t<\/rs-slides>\n\t\t\t\t<\/rs-module>\n\t\t\t\t<script>\n\t\t\t\t\tsetREVStartSize({c: 'rev_slider_17_1',rl:[1240,1024,778,480],el:[400,400,400,400],gw:[1240,1024,778,480],gh:[400,400,400,400],type:'standard',justify:'',layout:'fullwidth',mh:\"0\"});if (window.RS_MODULES!==undefined && window.RS_MODULES.modules!==undefined && window.RS_MODULES.modules[\"revslider171\"]!==undefined) {window.RS_MODULES.modules[\"revslider171\"].once = false;window.revapi17 = undefined;if (window.RS_MODULES.checkMinimal!==undefined) window.RS_MODULES.checkMinimal()}\n\t\t\t\t<\/script>\n\t\t\t<\/rs-module-wrap>\n\t\t\t<!-- END REVOLUTION SLIDER -->\n<\/div><\/div><\/div><\/div><\/section><section class=\"l-section wpb_row height_auto\"><div class=\"l-section-h i-cf\"><div class=\"g-cols vc_row via_grid cols_1 laptops-cols_inherit tablets-cols_inherit mobiles-cols_1 valign_top type_default stacking_default\"><div class=\"wpb_column vc_column_container\"><div class=\"vc_column-inner\"><div class=\"w-separator size_custom\" style=\"height:2rem\"><\/div><\/div><\/div><\/div><\/div><\/section><section class=\"l-section wpb_row height_auto width_full\"><div class=\"l-section-h i-cf\"><div class=\"g-cols vc_row via_grid cols_1 laptops-cols_inherit tablets-cols_inherit mobiles-cols_1 valign_top type_default stacking_default\"><div class=\"wpb_column vc_column_container\"><div class=\"vc_column-inner\"><div class=\"w-image align_none\"><div class=\"w-image-h\"><img decoding=\"async\" width=\"1920\" height=\"50\" src=\"https:\/\/www.vuma3d.com\/es\/wp-content\/uploads\/2020\/05\/Vuma-Seperator-Banner-Design.png\" class=\"attachment-full size-full\" alt=\"\" loading=\"lazy\" srcset=\"https:\/\/www.vuma3d.com\/es\/wp-content\/uploads\/2020\/05\/Vuma-Seperator-Banner-Design.png 1920w, https:\/\/www.vuma3d.com\/es\/wp-content\/uploads\/2020\/05\/Vuma-Seperator-Banner-Design-300x8.png 300w, https:\/\/www.vuma3d.com\/es\/wp-content\/uploads\/2020\/05\/Vuma-Seperator-Banner-Design-1024x27.png 1024w\" sizes=\"auto, (max-width: 1920px) 100vw, 1920px\" \/><\/div><\/div><\/div><\/div><\/div><\/div><\/section><section class=\"l-section wpb_row height_medium\" id=\"mas-informacion\"><div class=\"l-section-h i-cf\"><div class=\"g-cols vc_row via_grid cols_2 laptops-cols_inherit tablets-cols_inherit mobiles-cols_1 valign_top type_default stacking_default\"><div class=\"wpb_column vc_column_container\"><div class=\"vc_column-inner\"><div class=\"uavc-list-icon uavc-list-icon-wrapper ult-adjust-bottom-margin   vc_custom_1634066399704  vc_custom_1634066399704\"><ul class=\"uavc-list\"><li><div class=\"uavc-list-content\" id=\"list-icon-wrap-5247\">\n<div class=\"uavc-list-icon  \" data-animation=\"\" data-animation-delay=\"03\" style=\"margin-right:10px;\"><div class=\"ult-just-icon-wrapper  \"><div class=\"align-icon\" style=\"text-align:center;\">\n<div class=\"aio-icon none \"  style=\"color:#cf312d;font-size:20px;display:inline-block;\">\n\t<i class=\"Defaults-circle\"><\/i>\n<\/div><\/div><\/div>\n<\/div><span  data-ultimate-target='#list-icon-wrap-5247 .uavc-list-desc'  data-responsive-json-new='{\"font-size\":\"\",\"line-height\":\"\"}'  class=\"uavc-list-desc ult-responsive\" style=\"\"><a href=\"https:\/\/www.vuma3d.com\/es\/wp-content\/uploads\/2022\/05\/VUMA-Workstation-Requirements-2022.pdf\" target=\"_blank\" rel=\"noopener\">Requisitos de la Estaci\u00f3n de Trabajo VUMA<\/a><br \/>\nEste documento proporciona los requisitos de PC necesarios para utilizar VUMA.<\/span><\/div><\/li><\/ul><\/div><\/div><\/div><div class=\"wpb_column vc_column_container\"><div class=\"vc_column-inner\"><div class=\"uavc-list-icon uavc-list-icon-wrapper ult-adjust-bottom-margin   vc_custom_1634066399704  vc_custom_1634066399704\"><ul class=\"uavc-list\"><li><div class=\"uavc-list-content\" id=\"list-icon-wrap-8942\">\n<div class=\"uavc-list-icon  \" data-animation=\"\" data-animation-delay=\"03\" style=\"margin-right:10px;\"><div class=\"ult-just-icon-wrapper  \"><div class=\"align-icon\" style=\"text-align:center;\">\n<div class=\"aio-icon none \"  style=\"color:#cf312d;font-size:20px;display:inline-block;\">\n\t<i class=\"Defaults-circle\"><\/i>\n<\/div><\/div><\/div>\n<\/div><span  data-ultimate-target='#list-icon-wrap-8942 .uavc-list-desc'  data-responsive-json-new='{\"font-size\":\"\",\"line-height\":\"\"}'  class=\"uavc-list-desc ult-responsive\" style=\"\"><a href=\"https:\/\/www.vuma3d.com\/es\/wp-content\/uploads\/2023\/08\/VUMA-network-Licensing-help-file.pdf\" target=\"_blank\" rel=\"noopener\">Archivo de ayuda para la Licencia de Red de VUMA<\/a><br \/>\nEste documento proporciona una gu\u00eda paso a paso sobre c\u00f3mo activar VUMA a trav\u00e9s de diversos m\u00e9todos.<\/span><\/div><\/li><\/ul><\/div><\/div><\/div><\/div><\/div><\/section><section class=\"l-section wpb_row height_medium color_alternate\"><div class=\"l-section-h i-cf\"><div class=\"g-cols vc_row via_grid cols_1 laptops-cols_inherit tablets-cols_inherit mobiles-cols_1 valign_top type_default stacking_default\"><div class=\"wpb_column vc_column_container\"><div class=\"vc_column-inner\"><div class=\"wpb_text_column\"><div class=\"wpb_wrapper\"><h3 style=\"text-align: center;\">Software VUMA<\/h3>\n<\/div><\/div><div class=\"wpb_text_column\"><div class=\"wpb_wrapper\"><p style=\"text-align: center;\">El software l\u00edder en la industria de VUMA est\u00e1 dise\u00f1ado para simular con precisi\u00f3n el flujo de aire, cargas t\u00e9rmicas, gases (incluyendo rad\u00f3n), polvo, diluci\u00f3n de gases post-voladura e incendios.<\/p>\n<\/div><\/div><div class=\"g-cols wpb_row via_grid cols_3 laptops-cols_inherit tablets-cols_inherit mobiles-cols_1 valign_top type_default stacking_default\" style=\"--columns-gap:3rem;\"><div class=\"wpb_column vc_column_container\"><div class=\"vc_column-inner\"><div class=\"w-image align_none\"><div class=\"w-image-h\"><img decoding=\"async\" width=\"383\" height=\"206\" src=\"https:\/\/www.vuma3d.com\/es\/wp-content\/uploads\/2020\/05\/VUMA-live-Software.png\" class=\"attachment-full size-full\" alt=\"\" loading=\"lazy\" srcset=\"https:\/\/www.vuma3d.com\/es\/wp-content\/uploads\/2020\/05\/VUMA-live-Software.png 383w, https:\/\/www.vuma3d.com\/es\/wp-content\/uploads\/2020\/05\/VUMA-live-Software-300x161.png 300w\" sizes=\"auto, (max-width: 383px) 100vw, 383px\" \/><\/div><\/div><div class=\"w-separator size_custom\" style=\"height:1rem\"><\/div><div class=\"wpb_text_column\"><div class=\"wpb_wrapper\"><h4>VUMA-live<\/h4>\n<\/div><\/div><div class=\"wpb_text_column\"><div class=\"wpb_wrapper\"><p>VUMA-live proporciona a los ingenieros an\u00e1lisis de riesgo en tiempo real, gesti\u00f3n de riesgos y respuestas r\u00e1pidas a cualquier alarma<\/p>\n<\/div><\/div><div class=\"w-separator size_custom\" style=\"height:1.5rem\"><\/div><div class=\"w-btn-wrapper align_none\"><a class=\"w-btn us-btn-style_1\" href=\"https:\/\/www.vuma3d.com\/es\/vuma-live\/\"><span class=\"w-btn-label\">M\u00e1s informaci\u00f3n<\/span><\/a><\/div><\/div><\/div><div class=\"wpb_column vc_column_container\"><div class=\"vc_column-inner\"><div class=\"w-image align_none\"><div class=\"w-image-h\"><img decoding=\"async\" width=\"383\" height=\"206\" src=\"https:\/\/www.vuma3d.com\/es\/wp-content\/uploads\/2020\/05\/VUMA-network-Software.png\" class=\"attachment-full size-full\" alt=\"\" loading=\"lazy\" srcset=\"https:\/\/www.vuma3d.com\/es\/wp-content\/uploads\/2020\/05\/VUMA-network-Software.png 383w, https:\/\/www.vuma3d.com\/es\/wp-content\/uploads\/2020\/05\/VUMA-network-Software-300x161.png 300w\" sizes=\"auto, (max-width: 383px) 100vw, 383px\" \/><\/div><\/div><div class=\"w-separator size_custom\" style=\"height:1rem\"><\/div><div class=\"wpb_text_column\"><div class=\"wpb_wrapper\"><h4>VUMA-network<\/h4>\n<\/div><\/div><div class=\"wpb_text_column\"><div class=\"wpb_wrapper\"><p>VUMA-network permite a los ingenieros planificar, dise\u00f1ar, operar y controlar los sistemas de ventilaci\u00f3n y refrigeraci\u00f3n.<\/p>\n<\/div><\/div><div class=\"w-separator size_custom\" style=\"height:1.5rem\"><\/div><div class=\"w-btn-wrapper align_none\"><a class=\"w-btn us-btn-style_1\" href=\"https:\/\/www.vuma3d.com\/es\/vuma-network\/\"><span class=\"w-btn-label\">M\u00e1s informaci\u00f3n<\/span><\/a><\/div><\/div><\/div><div class=\"wpb_column vc_column_container\"><div class=\"vc_column-inner\"><div class=\"w-image align_none\"><div class=\"w-image-h\"><img decoding=\"async\" width=\"383\" height=\"206\" src=\"https:\/\/www.vuma3d.com\/es\/wp-content\/uploads\/2023\/08\/VUMA-hub-Software-South-Africa.png\" class=\"attachment-full size-full\" alt=\"\" loading=\"lazy\" srcset=\"https:\/\/www.vuma3d.com\/es\/wp-content\/uploads\/2023\/08\/VUMA-hub-Software-South-Africa.png 383w, https:\/\/www.vuma3d.com\/es\/wp-content\/uploads\/2023\/08\/VUMA-hub-Software-South-Africa-300x161.png 300w\" sizes=\"auto, (max-width: 383px) 100vw, 383px\" \/><\/div><\/div><div class=\"w-separator size_custom\" style=\"height:1rem\"><\/div><div class=\"wpb_text_column\"><div class=\"wpb_wrapper\"><h4>VUMA-hub<\/h4>\n<\/div><\/div><div class=\"wpb_text_column\"><div class=\"wpb_wrapper\"><p>VUMA-hub permite a los Higienistas Ocupacionales gestionar mejor sus datos, desarrollar informes completos y mejorar la productividad.<\/p>\n<\/div><\/div><div class=\"w-btn-wrapper align_none\"><a class=\"w-btn us-btn-style_1\" href=\"https:\/\/www.vuma3d.com\/es\/vuma-hub\/\"><span class=\"w-btn-label\">M\u00e1s informaci\u00f3n<\/span><\/a><\/div><\/div><\/div><\/div><\/div><\/div><\/div><\/div><\/section><section class=\"l-section wpb_row height_medium color_primary with_img parallax_fixed\"><div class=\"l-section-img\" role=\"img\" data-img-width=\"1920\" data-img-height=\"1080\" style=\"background-image: url(https:\/\/www.vuma3d.com\/es\/wp-content\/uploads\/2020\/05\/Vuma-Pattern-Background.jpg);background-repeat: no-repeat;\"><\/div><div class=\"l-section-h i-cf\"><div class=\"g-cols vc_row via_grid cols_2 laptops-cols_inherit tablets-cols_inherit mobiles-cols_1 valign_middle type_default stacking_default\"><div class=\"wpb_column vc_column_container\"><div class=\"vc_column-inner\"><div class=\"wpb_text_column\"><div class=\"wpb_wrapper\"><h2>VUMA-network 5.0 ya est\u00e1 disponible<\/h2>\n<\/div><\/div><\/div><\/div><div class=\"wpb_column vc_column_container\"><div class=\"vc_column-inner\"><div class=\"w-hwrapper valign_top align_none\" style=\"--hwrapper-gap:0.5rem\"><div class=\"w-btn-wrapper align_none\"><a class=\"w-btn us-btn-style_1\" target=\"_blank\" rel=\"nofollow\" title=\"Get the full version for free\" href=\"https:\/\/www.vuma3d.com\/es\/wp-content\/uploads\/2021\/04\/VUMA-network setup.msi\"><span class=\"w-btn-label\">Descargar ahora<\/span><\/a><\/div><div class=\"w-btn-wrapper align_none\"><a class=\"w-btn us-btn-style_1\" target=\"_blank\" rel=\"nofollow\" title=\"Get the full version for free\" href=\"https:\/\/www.vuma3d.com\/es\/vuma-network-5-0-pricing\/\"><span class=\"w-btn-label\">Ver nuestros precios de VUMA<\/span><\/a><\/div><\/div><\/div><\/div><\/div><\/div><\/section>\n","protected":false},"excerpt":{"rendered":"Archivos de ayuda Echa un vistazo a nuestro documento de soporte M\u00e1s informaci\u00f3n Requisitos de la Estaci\u00f3n de Trabajo VUMA Este documento proporciona los requisitos de PC necesarios para utilizar VUMA. Archivo de ayuda para la Licencia de Red de VUMA Este documento proporciona una gu\u00eda paso a paso sobre c\u00f3mo activar VUMA a trav\u00e9s...","protected":false},"author":4,"featured_media":0,"parent":0,"menu_order":0,"comment_status":"closed","ping_status":"closed","template":"","meta":{"footnotes":""},"class_list":["post-1660","page","type-page","status-publish","hentry"],"yoast_head":"<!-- This site is optimized with the Yoast SEO plugin v26.3 - https:\/\/yoast.com\/wordpress\/plugins\/seo\/ -->\n<title>Licencia de software VUMA y documentaci\u00f3n de soporte - VUMA<\/title>\n<meta name=\"description\" content=\"Confirme los requisitos del sistema y aprenda c\u00f3mo obtener la licencia de VUMA con esta documentaci\u00f3n de soporte. Necesitas ayuda? Comun\u00edquese hoy con su sucursal m\u00e1s cercana!\" \/>\n<meta name=\"robots\" content=\"index, follow, max-snippet:-1, max-image-preview:large, max-video-preview:-1\" \/>\n<link rel=\"canonical\" href=\"https:\/\/www.vuma3d.com\/es\/archivos-de-ayuda\/\" \/>\n<meta property=\"og:locale\" content=\"es_ES\" \/>\n<meta property=\"og:type\" content=\"article\" \/>\n<meta property=\"og:title\" content=\"Licencia de software VUMA y documentaci\u00f3n de soporte - VUMA\" \/>\n<meta property=\"og:description\" content=\"Confirme los requisitos del sistema y aprenda c\u00f3mo obtener la licencia de VUMA con esta documentaci\u00f3n de soporte. Necesitas ayuda? Comun\u00edquese hoy con su sucursal m\u00e1s cercana!\" \/>\n<meta property=\"og:url\" content=\"https:\/\/www.vuma3d.com\/es\/archivos-de-ayuda\/\" \/>\n<meta property=\"og:site_name\" content=\"Vuma Software\" \/>\n<meta property=\"article:modified_time\" content=\"2024-07-22T05:47:11+00:00\" \/>\n<meta name=\"twitter:card\" content=\"summary_large_image\" \/>\n<meta name=\"twitter:label1\" content=\"Tiempo de lectura\" \/>\n\t<meta name=\"twitter:data1\" content=\"2 minutos\" \/>\n<script type=\"application\/ld+json\" class=\"yoast-schema-graph\">{\"@context\":\"https:\/\/schema.org\",\"@graph\":[{\"@type\":\"WebPage\",\"@id\":\"https:\/\/www.vuma3d.com\/es\/archivos-de-ayuda\/\",\"url\":\"https:\/\/www.vuma3d.com\/es\/archivos-de-ayuda\/\",\"name\":\"Licencia de software VUMA y documentaci\u00f3n de soporte - VUMA\",\"isPartOf\":{\"@id\":\"https:\/\/www.vuma3d.com\/es\/#website\"},\"datePublished\":\"2021-10-13T06:11:51+00:00\",\"dateModified\":\"2024-07-22T05:47:11+00:00\",\"description\":\"Confirme los requisitos del sistema y aprenda c\u00f3mo obtener la licencia de VUMA con esta documentaci\u00f3n de soporte. Necesitas ayuda? Comun\u00edquese hoy con su sucursal m\u00e1s cercana!\",\"breadcrumb\":{\"@id\":\"https:\/\/www.vuma3d.com\/es\/archivos-de-ayuda\/#breadcrumb\"},\"inLanguage\":\"es\",\"potentialAction\":[{\"@type\":\"ReadAction\",\"target\":[\"https:\/\/www.vuma3d.com\/es\/archivos-de-ayuda\/\"]}]},{\"@type\":\"BreadcrumbList\",\"@id\":\"https:\/\/www.vuma3d.com\/es\/archivos-de-ayuda\/#breadcrumb\",\"itemListElement\":[{\"@type\":\"ListItem\",\"position\":1,\"name\":\"Home\",\"item\":\"https:\/\/www.vuma3d.com\/es\/\"},{\"@type\":\"ListItem\",\"position\":2,\"name\":\"Archivos de Ayuda\"}]},{\"@type\":\"WebSite\",\"@id\":\"https:\/\/www.vuma3d.com\/es\/#website\",\"url\":\"https:\/\/www.vuma3d.com\/es\/\",\"name\":\"Vuma Software\",\"description\":\"\",\"potentialAction\":[{\"@type\":\"SearchAction\",\"target\":{\"@type\":\"EntryPoint\",\"urlTemplate\":\"https:\/\/www.vuma3d.com\/es\/?s={search_term_string}\"},\"query-input\":{\"@type\":\"PropertyValueSpecification\",\"valueRequired\":true,\"valueName\":\"search_term_string\"}}],\"inLanguage\":\"es\"}]}<\/script>\n<!-- \/ Yoast SEO plugin. -->","yoast_head_json":{"title":"Licencia de software VUMA y documentaci\u00f3n de soporte - VUMA","description":"Confirme los requisitos del sistema y aprenda c\u00f3mo obtener la licencia de VUMA con esta documentaci\u00f3n de soporte. Necesitas ayuda? Comun\u00edquese hoy con su sucursal m\u00e1s cercana!","robots":{"index":"index","follow":"follow","max-snippet":"max-snippet:-1","max-image-preview":"max-image-preview:large","max-video-preview":"max-video-preview:-1"},"canonical":"https:\/\/www.vuma3d.com\/es\/archivos-de-ayuda\/","og_locale":"es_ES","og_type":"article","og_title":"Licencia de software VUMA y documentaci\u00f3n de soporte - VUMA","og_description":"Confirme los requisitos del sistema y aprenda c\u00f3mo obtener la licencia de VUMA con esta documentaci\u00f3n de soporte. Necesitas ayuda? Comun\u00edquese hoy con su sucursal m\u00e1s cercana!","og_url":"https:\/\/www.vuma3d.com\/es\/archivos-de-ayuda\/","og_site_name":"Vuma Software","article_modified_time":"2024-07-22T05:47:11+00:00","twitter_card":"summary_large_image","twitter_misc":{"Tiempo de lectura":"2 minutos"},"schema":{"@context":"https:\/\/schema.org","@graph":[{"@type":"WebPage","@id":"https:\/\/www.vuma3d.com\/es\/archivos-de-ayuda\/","url":"https:\/\/www.vuma3d.com\/es\/archivos-de-ayuda\/","name":"Licencia de software VUMA y documentaci\u00f3n de soporte - VUMA","isPartOf":{"@id":"https:\/\/www.vuma3d.com\/es\/#website"},"datePublished":"2021-10-13T06:11:51+00:00","dateModified":"2024-07-22T05:47:11+00:00","description":"Confirme los requisitos del sistema y aprenda c\u00f3mo obtener la licencia de VUMA con esta documentaci\u00f3n de soporte. Necesitas ayuda? Comun\u00edquese hoy con su sucursal m\u00e1s cercana!","breadcrumb":{"@id":"https:\/\/www.vuma3d.com\/es\/archivos-de-ayuda\/#breadcrumb"},"inLanguage":"es","potentialAction":[{"@type":"ReadAction","target":["https:\/\/www.vuma3d.com\/es\/archivos-de-ayuda\/"]}]},{"@type":"BreadcrumbList","@id":"https:\/\/www.vuma3d.com\/es\/archivos-de-ayuda\/#breadcrumb","itemListElement":[{"@type":"ListItem","position":1,"name":"Home","item":"https:\/\/www.vuma3d.com\/es\/"},{"@type":"ListItem","position":2,"name":"Archivos de Ayuda"}]},{"@type":"WebSite","@id":"https:\/\/www.vuma3d.com\/es\/#website","url":"https:\/\/www.vuma3d.com\/es\/","name":"Vuma Software","description":"","potentialAction":[{"@type":"SearchAction","target":{"@type":"EntryPoint","urlTemplate":"https:\/\/www.vuma3d.com\/es\/?s={search_term_string}"},"query-input":{"@type":"PropertyValueSpecification","valueRequired":true,"valueName":"search_term_string"}}],"inLanguage":"es"}]}},"_links":{"self":[{"href":"https:\/\/www.vuma3d.com\/es\/wp-json\/wp\/v2\/pages\/1660","targetHints":{"allow":["GET"]}}],"collection":[{"href":"https:\/\/www.vuma3d.com\/es\/wp-json\/wp\/v2\/pages"}],"about":[{"href":"https:\/\/www.vuma3d.com\/es\/wp-json\/wp\/v2\/types\/page"}],"author":[{"embeddable":true,"href":"https:\/\/www.vuma3d.com\/es\/wp-json\/wp\/v2\/users\/4"}],"replies":[{"embeddable":true,"href":"https:\/\/www.vuma3d.com\/es\/wp-json\/wp\/v2\/comments?post=1660"}],"version-history":[{"count":16,"href":"https:\/\/www.vuma3d.com\/es\/wp-json\/wp\/v2\/pages\/1660\/revisions"}],"predecessor-version":[{"id":5258,"href":"https:\/\/www.vuma3d.com\/es\/wp-json\/wp\/v2\/pages\/1660\/revisions\/5258"}],"wp:attachment":[{"href":"https:\/\/www.vuma3d.com\/es\/wp-json\/wp\/v2\/media?parent=1660"}],"curies":[{"name":"wp","href":"https:\/\/api.w.org\/{rel}","templated":true}]}}