{"id":1243,"date":"2021-08-05T15:01:41","date_gmt":"2021-08-05T13:01:41","guid":{"rendered":"https:\/\/www.vuma3d.com\/es\/?page_id=1243"},"modified":"2024-07-16T18:53:12","modified_gmt":"2024-07-16T16:53:12","slug":"politica-de-cookies","status":"publish","type":"page","link":"https:\/\/www.vuma3d.com\/es\/politica-de-cookies\/","title":{"rendered":"Pol\u00edtica de Cookies"},"content":{"rendered":"<section class=\"l-section wpb_row height_auto width_full\"><div class=\"l-section-h i-cf\"><div class=\"g-cols vc_row via_grid cols_1 laptops-cols_inherit tablets-cols_inherit mobiles-cols_1 valign_top type_default stacking_default\"><div class=\"wpb_column vc_column_container\"><div class=\"vc_column-inner\">\n\t\t\t<!-- START Cookie Policy REVOLUTION SLIDER 6.7.38 --><p class=\"rs-p-wp-fix\"><\/p>\n\t\t\t<rs-module-wrap id=\"rev_slider_16_1_wrapper\" data-source=\"gallery\" style=\"visibility:hidden;background:transparent;padding:0;margin:0px auto;margin-top:0;margin-bottom:0;\">\n\t\t\t\t<rs-module id=\"rev_slider_16_1\" style=\"\" data-version=\"6.7.38\">\n\t\t\t\t\t<rs-slides style=\"overflow: hidden; position: absolute;\">\n\t\t\t\t\t\t<rs-slide style=\"position: absolute;\" data-key=\"rs-30\" data-title=\"Slide\" data-anim=\"adpr:false;\" data-in=\"o:0;\" data-out=\"a:false;\">\n\t\t\t\t\t\t\t<img decoding=\"async\" src=\"\/\/www.vuma3d.com\/es\/wp-content\/plugins\/revslider\/sr6\/assets\/assets\/dummy.png\" alt=\"Slide\" class=\"rev-slidebg tp-rs-img rs-lazyload\" data-lazyload=\"\/\/www.vuma3d.com\/es\/wp-content\/plugins\/revslider\/sr6\/assets\/assets\/transparent.png\" data-no-retina>\n<!--\n\t\t\t\t\t\t\t--><rs-layer\n\t\t\t\t\t\t\t\tid=\"slider-16-slide-30-layer-0\" \n\t\t\t\t\t\t\t\tdata-type=\"image\"\n\t\t\t\t\t\t\t\tdata-rsp_ch=\"on\"\n\t\t\t\t\t\t\t\tdata-xy=\"x:l,l,c,c;xo:-335px,-450px,115px,0;y:m;\"\n\t\t\t\t\t\t\t\tdata-text=\"w:normal;s:20,16,12,7;l:0,20,15,9;\"\n\t\t\t\t\t\t\t\tdata-dim=\"w:1041px,1038px,1038px,1038px;h:401px,400px,400px,400px;\"\n\t\t\t\t\t\t\t\tdata-frame_0=\"x:-50,-41,-31,-19;\"\n\t\t\t\t\t\t\t\tdata-frame_1=\"sp:500;\"\n\t\t\t\t\t\t\t\tdata-frame_999=\"x:-50,-41,-31,-19;o:0;st:w;sp:500;sR:5000;\"\n\t\t\t\t\t\t\t\tstyle=\"z-index:8;\"\n\t\t\t\t\t\t\t><img decoding=\"async\" src=\"\/\/www.vuma3d.com\/es\/wp-content\/plugins\/revslider\/sr6\/assets\/assets\/dummy.png\" alt=\"\" class=\"tp-rs-img rs-lazyload\" width=\"1041\" height=\"401\" data-lazyload=\"\/\/www.vuma3d.com\/es\/wp-content\/uploads\/2020\/05\/Vuma-Left-Slide-Panel.png\" data-no-retina> \n\t\t\t\t\t\t\t<\/rs-layer><!--\n\n\t\t\t\t\t\t\t--><rs-layer\n\t\t\t\t\t\t\t\tid=\"slider-16-slide-30-layer-1\" \n\t\t\t\t\t\t\t\tdata-type=\"image\"\n\t\t\t\t\t\t\t\tdata-rsp_ch=\"on\"\n\t\t\t\t\t\t\t\tdata-xy=\"x:r;xo:-350px,-450px,-341px,-210px;y:m;\"\n\t\t\t\t\t\t\t\tdata-text=\"w:normal;s:20,16,12,7;l:0,20,15,9;\"\n\t\t\t\t\t\t\t\tdata-dim=\"w:1090px,1087px,825px,508px;h:401px,400px,303px,186px;\"\n\t\t\t\t\t\t\t\tdata-vbility=\"t,t,f,f\"\n\t\t\t\t\t\t\t\tdata-frame_0=\"x:50,41,31,19;\"\n\t\t\t\t\t\t\t\tdata-frame_1=\"st:500;sp:500;sR:500;\"\n\t\t\t\t\t\t\t\tdata-frame_999=\"x:50,41,31,19;o:0;st:w;sp:500;sR:4500;\"\n\t\t\t\t\t\t\t\tstyle=\"z-index:9;\"\n\t\t\t\t\t\t\t><img decoding=\"async\" src=\"\/\/www.vuma3d.com\/es\/wp-content\/plugins\/revslider\/sr6\/assets\/assets\/dummy.png\" alt=\"\" class=\"tp-rs-img rs-lazyload\" width=\"1090\" height=\"401\" data-lazyload=\"\/\/www.vuma3d.com\/es\/wp-content\/uploads\/2021\/08\/Cookies-Policy.png\" data-no-retina> \n\t\t\t\t\t\t\t<\/rs-layer><!--\n\n\t\t\t\t\t\t\t--><rs-layer\n\t\t\t\t\t\t\t\tid=\"slider-16-slide-30-layer-2\" \n\t\t\t\t\t\t\t\tdata-type=\"text\"\n\t\t\t\t\t\t\t\tdata-rsp_ch=\"on\"\n\t\t\t\t\t\t\t\tdata-xy=\"x:l,l,c,c;xo:25px,20px,0,0;yo:100px,100px,110px,110px;\"\n\t\t\t\t\t\t\t\tdata-text=\"w:normal;s:35;l:50;fw:500;\"\n\t\t\t\t\t\t\t\tdata-frame_0=\"y:-50,-41,-31,-19;\"\n\t\t\t\t\t\t\t\tdata-frame_1=\"st:1000;sp:500;sR:1000;\"\n\t\t\t\t\t\t\t\tdata-frame_999=\"y:-50,-41,-31,-19;o:0;st:w;sp:500;sR:4000;\"\n\t\t\t\t\t\t\t\tstyle=\"z-index:12;font-family:'Poppins';\"\n\t\t\t\t\t\t\t>Pol\u00edtica de Cookies \n\t\t\t\t\t\t\t<\/rs-layer><!--\n\n\t\t\t\t\t\t\t--><rs-layer\n\t\t\t\t\t\t\t\tid=\"slider-16-slide-30-layer-3\" \n\t\t\t\t\t\t\t\tdata-type=\"text\"\n\t\t\t\t\t\t\t\tdata-rsp_ch=\"on\"\n\t\t\t\t\t\t\t\tdata-xy=\"x:l,l,c,c;xo:25px,20px,0,0;y:m;yo:-5px,5px,0,0;\"\n\t\t\t\t\t\t\t\tdata-text=\"w:normal;s:20,20,20,18;l:25,25,25,23;a:left,left,center,center;\"\n\t\t\t\t\t\t\t\tdata-dim=\"w:450px,400px,450px,400px;\"\n\t\t\t\t\t\t\t\tdata-frame_0=\"sX:2;sY:2;\"\n\t\t\t\t\t\t\t\tdata-frame_0_mask=\"u:t;\"\n\t\t\t\t\t\t\t\tdata-frame_1=\"e:power2.out;st:1500;sp:500;sR:1500;\"\n\t\t\t\t\t\t\t\tdata-frame_1_mask=\"u:t;\"\n\t\t\t\t\t\t\t\tdata-frame_999=\"sX:2;sY:2;o:0;e:power2.out;st:w;sp:500;sR:3500;\"\n\t\t\t\t\t\t\t\tdata-frame_999_mask=\"u:t;\"\n\t\t\t\t\t\t\t\tstyle=\"z-index:11;font-family:'Poppins';\"\n\t\t\t\t\t\t\t>Lee la pol\u00edtica de cookies de VUMA a continuaci\u00f3n. \n\t\t\t\t\t\t\t<\/rs-layer><!--\n\n\t\t\t\t\t\t\t--><rs-layer\n\t\t\t\t\t\t\t\tid=\"slider-16-slide-30-layer-15\" \n\t\t\t\t\t\t\t\tclass=\"rev-btn\"\n\t\t\t\t\t\t\t\tdata-type=\"button\"\n\t\t\t\t\t\t\t\tdata-rsp_ch=\"on\"\n\t\t\t\t\t\t\t\tdata-xy=\"x:l,l,c,c;xo:25px,25px,0,0;y:b;yo:100px,90px,100px,100px;\"\n\t\t\t\t\t\t\t\tdata-text=\"w:normal;s:20,20,20,20;l:28,25,25,25;fw:500;\"\n\t\t\t\t\t\t\t\tdata-dim=\"minh:0px,none,none,none;\"\n\t\t\t\t\t\t\t\tdata-actions='id:politica-de-cookies;o:click;a:scrollto;offset:-150px;sp:1000ms;e:power1.inOut;'\n\t\t\t\t\t\t\t\tdata-padding=\"t:10;r:20;b:10;l:20;\"\n\t\t\t\t\t\t\t\tdata-frame_0=\"y:50,41,31,19;\"\n\t\t\t\t\t\t\t\tdata-frame_1=\"st:2000;sp:500;sR:2000;\"\n\t\t\t\t\t\t\t\tdata-frame_999=\"y:50,41,31,19;o:0;st:w;sp:500;sR:3000;\"\n\t\t\t\t\t\t\t\tdata-frame_hover=\"bgc:#ff9d00;bor:0px,0px,0px,0px;sp:200;e:power1.inOut;\"\n\t\t\t\t\t\t\t\tstyle=\"z-index:10;background-color:#ffc429;font-family:'Poppins';\"\n\t\t\t\t\t\t\t>M\u00e1s informaci\u00f3n \n\t\t\t\t\t\t\t<\/rs-layer><!--\n-->\t\t\t\t\t<\/rs-slide>\n\t\t\t\t\t<\/rs-slides>\n\t\t\t\t<\/rs-module>\n\t\t\t\t<script>\n\t\t\t\t\tsetREVStartSize({c: 'rev_slider_16_1',rl:[1240,1024,778,480],el:[400,400,400,400],gw:[1240,1024,778,480],gh:[400,400,400,400],type:'standard',justify:'',layout:'fullwidth',mh:\"0\"});if (window.RS_MODULES!==undefined && window.RS_MODULES.modules!==undefined && window.RS_MODULES.modules[\"revslider161\"]!==undefined) {window.RS_MODULES.modules[\"revslider161\"].once = false;window.revapi16 = undefined;if (window.RS_MODULES.checkMinimal!==undefined) window.RS_MODULES.checkMinimal()}\n\t\t\t\t<\/script>\n\t\t\t<\/rs-module-wrap>\n\t\t\t<!-- END REVOLUTION SLIDER -->\n<\/div><\/div><\/div><\/div><\/section><section class=\"l-section wpb_row height_auto\"><div class=\"l-section-h i-cf\"><div class=\"g-cols vc_row via_grid cols_1 laptops-cols_inherit tablets-cols_inherit mobiles-cols_1 valign_top type_default stacking_default\"><div class=\"wpb_column vc_column_container\"><div class=\"vc_column-inner\"><div class=\"w-separator size_custom\" style=\"height:2rem\"><\/div><\/div><\/div><\/div><\/div><\/section><section class=\"l-section wpb_row height_auto width_full\"><div class=\"l-section-h i-cf\"><div class=\"g-cols vc_row via_grid cols_1 laptops-cols_inherit tablets-cols_inherit mobiles-cols_1 valign_top type_default stacking_default\"><div class=\"wpb_column vc_column_container\"><div class=\"vc_column-inner\"><div class=\"w-image align_none\"><div class=\"w-image-h\"><img decoding=\"async\" width=\"1920\" height=\"50\" src=\"https:\/\/www.vuma3d.com\/es\/wp-content\/uploads\/2020\/05\/Vuma-Seperator-Banner-Design.png\" class=\"attachment-full size-full\" alt=\"\" loading=\"lazy\" srcset=\"https:\/\/www.vuma3d.com\/es\/wp-content\/uploads\/2020\/05\/Vuma-Seperator-Banner-Design.png 1920w, https:\/\/www.vuma3d.com\/es\/wp-content\/uploads\/2020\/05\/Vuma-Seperator-Banner-Design-300x8.png 300w, https:\/\/www.vuma3d.com\/es\/wp-content\/uploads\/2020\/05\/Vuma-Seperator-Banner-Design-1024x27.png 1024w\" sizes=\"auto, (max-width: 1920px) 100vw, 1920px\" \/><\/div><\/div><\/div><\/div><\/div><\/div><\/section><section class=\"l-section wpb_row height_medium\" id=\"politica-de-cookies\"><div class=\"l-section-h i-cf\"><div class=\"g-cols vc_row via_grid cols_1 laptops-cols_inherit tablets-cols_inherit mobiles-cols_1 valign_top type_default stacking_default\"><div class=\"wpb_column vc_column_container\"><div class=\"vc_column-inner\"><div class=\"wpb_text_column\"><div class=\"wpb_wrapper\"><p>Esta Pol\u00edtica de Cookies (la \u00abPol\u00edtica de Cookies\u00bb) describe los diferentes tipos de cookies o tecnolog\u00edas similares (denominadas de otra manera aqu\u00ed como \u00abcookies\u00bb) que se utilizan en conexi\u00f3n con los sitios web y otras propiedades digitales gestionadas por VUMA Software ADCO Pty Ltd. Estas propiedades digitales se denominan aqu\u00ed \u00abPlataformas Digitales\u00bb.<\/p>\n<p>Las cookies son peque\u00f1os bloques de datos creados por un servidor web mientras un usuario est\u00e1 navegando por un sitio web y se colocan en la computadora u otro dispositivo del usuario por el navegador web del usuario.<\/p>\n<p>Las cookies se colocan en el dispositivo utilizado para acceder a un sitio web, y m\u00e1s de una cookie puede colocarse en el dispositivo de un usuario durante una sesi\u00f3n.<\/p>\n<p>Las cookies cumplen funciones \u00fatiles y a veces esenciales en la web.<\/p>\n<p>Permiten a los servidores web almacenar informaci\u00f3n (como elementos agregados al carrito de compras en una tienda en l\u00ednea) en el dispositivo del usuario o rastrear la actividad de navegaci\u00f3n del usuario (incluyendo hacer clic en botones espec\u00edficos, iniciar sesi\u00f3n o registrar qu\u00e9 p\u00e1ginas se visitaron en el pasado). Tambi\u00e9n pueden ser utilizadas para guardar informaci\u00f3n que el usuario ingres\u00f3 previamente en campos de formulario para su uso posterior, como nombres, direcciones, contrase\u00f1as y n\u00fameros de tarjetas de pago.<\/p>\n<p>Las cookies de autenticaci\u00f3n son com\u00fanmente utilizadas por los servidores web para autenticar que un usuario est\u00e1 conectado, y con qu\u00e9 cuenta est\u00e1n conectados. Sin la cookie, los usuarios necesitar\u00edan autenticarse iniciando sesi\u00f3n en cada p\u00e1gina que contenga informaci\u00f3n sensible a la que desean acceder. La seguridad de una cookie de autenticaci\u00f3n generalmente depende de la seguridad del sitio web emisor y del navegador web del usuario, y de si los datos de la cookie est\u00e1n cifrados.<\/p>\n<p>Las vulnerabilidades de seguridad pueden permitir que los datos de una cookie sean le\u00eddos por un atacante, utilizados para acceder a los datos del usuario o para acceder (con las credenciales del usuario) al sitio web al que pertenece la cookie (consulte el script entre sitios y el falsificado de solicitudes entre sitios para ver ejemplos).<\/p>\n<p>Las cookies de seguimiento, especialmente las cookies de seguimiento de terceros, son com\u00fanmente utilizadas como formas de compilar registros a largo plazo de los historiales de navegaci\u00f3n de los individuos. En el contexto de las cookies:<\/p>\n<ul>\n<li>El <strong>\u00abconsentimiento informado\u00bb<\/strong> significa que debes describir a los visitantes de tu sitio web qu\u00e9 son las cookies, indicar que tu sitio web las utiliza y mencionar con qu\u00e9 prop\u00f3sito las est\u00e1s utilizando. Adem\u00e1s, un aviso y pol\u00edtica de cookies deben ser f\u00e1ciles de encontrar, leer y entender.<\/li>\n<li>Una <strong>\u00abacci\u00f3n afirmativa\u00bb<\/strong> significa que el sujeto de los datos debe realizar una acci\u00f3n positiva que indique que aceptan las cookies. Un aviso de cookies no puede tener casillas preseleccionadas por defecto, ya que esto no es una acci\u00f3n positiva.<\/li>\n<li><strong>Solo<\/strong> las cookies esenciales o necesarias no necesitan consentimiento.<\/li>\n<\/ul>\n<p>Utilizamos cookies para recopilar ciertos datos mientras navegas por las Plataformas Digitales, para distinguirte como usuario, ya sea durante la duraci\u00f3n de tu visita (\u00abcookie de sesi\u00f3n\u00bb) o cuando regresas (\u00abcookie persistente\u00bb).<\/p>\n<p><strong>Qu\u00e9 pasa si no quiero cookies o tecnolog\u00edas de seguimiento similares?<\/strong><\/p>\n<p>Tienes la posibilidad de retener el consentimiento o retirarlo para todas las cookies (excepto las Esenciales) o gestionarlas a trav\u00e9s de la Configuraci\u00f3n de Cookies disponible en cada Plataforma Digital. Adem\u00e1s de la Configuraci\u00f3n de Cookies disponible en cada Plataforma Digital, puedes gestionar la configuraci\u00f3n de tus cookies dentro de tu navegador de internet. M\u00e1s informaci\u00f3n est\u00e1 disponible aqu\u00ed:<\/p>\n<ul>\n<li>Usuarios de Edge: <span><a href=\"https:\/\/bit.ly\/3jjcxxj\">https:\/\/bit.ly\/3jjcxxj<\/a><\/span><\/li>\n<li>Usuarios de Mozilla Firefox: <span><a href=\"https:\/\/mzl.la\/37ketjC\">https:\/\/mzl.la\/37ketjC<\/a><\/span> and\u202f<span><a href=\"https:\/\/mzl.la\/3xlFoWv\">https:\/\/mzl.la\/3xlFoWv<\/a><\/span><\/li>\n<li>Usuarios de Google Chrome: <span><a href=\"https:\/\/bit.ly\/3yqUMSO\">https:\/\/bit.ly\/3yqUMSO<\/a><\/span><\/li>\n<li>Usuarios de Safari: <span><a href=\"https:\/\/apple.co\/37noRqJ\">https:\/\/apple.co\/37noRqJ<\/a><\/span><\/li>\n<\/ul>\n<p>Tambi\u00e9n puedes retirar tu consentimiento para el uso de cookies en cualquier momento eliminando tus cookies mediante la configuraci\u00f3n de tu navegador de internet. Si bloqueas el uso de cookies en tu navegador, es posible que algunos de los servicios y funcionalidades de la Plataforma Digital no est\u00e9n disponibles para ti, como las caracter\u00edsticas de video incrustadas.<\/p>\n<p>M\u00e1s informaci\u00f3n sobre las cookies est\u00e1 disponible en <a href=\"http:\/\/www.allaboutcookies.org\">www.allaboutcookies.org<\/a>.<\/p>\n<p>Ten en cuenta que eliminar y bloquear las cookies puede tener un impacto en tu experiencia como usuario.<\/p>\n<p><strong>Qu\u00e9 tipos de cookies utiliza el sitio web de VUMA Software ADCO Pty Ltd.?<\/strong><\/p>\n<p>Las cookies utilizadas en el sitio web de VUMA se han categorizado y se muestran en la tabla a continuaci\u00f3n.<\/p>\n<p>&nbsp;<\/p>\n<table>\n<thead>\n<tr>\n<td width=\"127\"><strong>Categor\u00eda<\/strong><\/td>\n<td width=\"569\"><strong>Descripci\u00f3n<\/strong><\/td>\n<\/tr>\n<\/thead>\n<tbody>\n<tr>\n<td><strong>Cookies esenciales<\/strong><\/td>\n<td>Te permiten navegar por nuestro sitio web. Estas cookies son necesarias para que el sitio web funcione y no se pueden desactivar en nuestros sistemas. Por lo general, solo se configuran en respuesta a acciones realizadas por ti que equivalen a una solicitud de servicios, como configurar tus preferencias de privacidad, iniciar sesi\u00f3n o completar formularios. Puedes configurar tu navegador para bloquear o alertarte sobre estas cookies, pero algunas partes del sitio web no funcionar\u00e1n correctamente.<\/td>\n<\/tr>\n<tr>\n<td><strong>Cookies de an\u00e1lisis de primera parte<\/strong><\/td>\n<td>Las cookies de rendimiento y an\u00e1lisis recopilan cierta informaci\u00f3n que nos permite mejorar el rendimiento de nuestras Plataformas Digitales y nos ayudan a ofrecerte lo que creemos que es la mejor experiencia de usuario. Estas cookies nos permiten contar las visitas y las fuentes de tr\u00e1fico para que podamos medir y mejorar el rendimiento de nuestras Plataformas Digitales. Tambi\u00e9n nos permiten crear un perfil de tus intereses y patrones de navegaci\u00f3n con el fin de personalizar tu experiencia y ofrecerte el contenido m\u00e1s relevante. Nos ayudan a conocer el rendimiento de nuestras Plataformas Digitales y qu\u00e9 p\u00e1ginas son las m\u00e1s y las menos populares, as\u00ed como a ver c\u00f3mo se mueven los visitantes por las.<\/td>\n<\/tr>\n<tr>\n<td><strong>Plataformas Digitales<\/strong><\/td>\n<td>Si no permites estas cookies, no podremos obtener m\u00e1s informaci\u00f3n sobre el uso y el rendimiento de nuestras Plataformas Digitales y tu experiencia no ser\u00e1 tan personalizada ni relevante para ti.<\/td>\n<\/tr>\n<tr>\n<td><strong>Cookies de funcionalidad<\/strong><\/td>\n<td>Incrementan la funcionalidad y personalizaci\u00f3n de nuestras Plataformas Digitales almacenando tus preferencias. Si no permites estas cookies, es posible que algunos o todos los servicios disponibles a trav\u00e9s de esa Plataforma Digital no funcionen correctamente.<\/td>\n<\/tr>\n<tr>\n<td><strong>Cookies de publicidad y redes sociales<\/strong><\/td>\n<td>Las cookies de publicidad permiten la personalizaci\u00f3n de la publicidad en l\u00ednea que se te muestra en funci\u00f3n de tu actividad de navegaci\u00f3n y de la ubicaci\u00f3n desde la que accedes a nuestras Plataformas Digitales. Estas cookies incluyen cookies establecidas por nuestros socios de publicidad. Son utilizadas por nosotros y por nuestros socios de publicidad para crear un perfil de tus intereses y mostrarte anuncios relevantes en nuestras Plataformas Digitales, as\u00ed como en otros sitios. Si no permites estas cookies, seguir\u00e1s viendo publicidad en l\u00ednea, pero esta ser\u00e1 menos personalizada para ti.<\/p>\n<p>Las cookies de redes sociales son establecidas por proveedores de redes sociales e incluyen cookies establecidas por los servicios de redes sociales que hemos a\u00f1adido a las Plataformas Digitales. Por ejemplo, esto incluye servicios de redes sociales que te permiten compartir nuestro contenido con tus amigos y redes. Pueden rastrear tu navegador en varios sitios web y crear un perfil de tus intereses para mostrarte contenido y anuncios relevantes en esas plataformas de redes sociales. Esto puede afectar al contenido y a los mensajes que ves en otros sitios web que visitas, incluidas las plataformas de redes sociales. Si no permites estas cookies, es posible que no puedas usar o ver la herramienta de intercambio en redes sociales.<\/td>\n<\/tr>\n<\/tbody>\n<\/table>\n<p><strong>Cambios en la pol\u00edtica de cookies<\/strong><\/p>\n<p>Nos reservamos el derecho de modificar esta Pol\u00edtica de Cookies en cualquier momento. Cuando realicemos cambios, revisaremos la fecha de \u00ab\u00faltima actualizaci\u00f3n\u00bb en la parte inferior de la Pol\u00edtica de Cookies y cualquier cambio ser\u00e1 efectivo inmediatamente despu\u00e9s de su publicaci\u00f3n. Cuando realicemos cambios en esta Pol\u00edtica de Cookies, te informaremos con antelaci\u00f3n cuando dichos cambios afecten a tus derechos como usuario de las Plataformas Digitales o cuando as\u00ed lo exija la ley, por ejemplo, publicando un aviso en las Plataformas Digitales. Sin embargo, tu uso continuado de las Plataformas Digitales tras la publicaci\u00f3n de los cambios constituir\u00e1 tu aceptaci\u00f3n de dichos cambios. Te animamos a que revises la versi\u00f3n aplicable de esta Pol\u00edtica de Cookies siempre que utilices las Plataformas Digitales.<\/p>\n<p>Esta Pol\u00edtica de Cookies se actualiz\u00f3 por \u00faltima vez el 05 de agosto de 2021.<\/p>\n<\/div><\/div><\/div><\/div><\/div><\/div><\/section>\n","protected":false},"excerpt":{"rendered":"Pol\u00edtica de Cookies Lee la pol\u00edtica de cookies de VUMA a continuaci\u00f3n. M\u00e1s informaci\u00f3n Esta Pol\u00edtica de Cookies (la \u00abPol\u00edtica de Cookies\u00bb) describe los diferentes tipos de cookies o tecnolog\u00edas similares (denominadas de otra manera aqu\u00ed como \u00abcookies\u00bb) que se utilizan en conexi\u00f3n con los sitios web y otras propiedades digitales gestionadas por VUMA Software...","protected":false},"author":4,"featured_media":0,"parent":0,"menu_order":0,"comment_status":"closed","ping_status":"closed","template":"","meta":{"footnotes":""},"class_list":["post-1243","page","type-page","status-publish","hentry"],"yoast_head":"<!-- This site is optimized with the Yoast SEO plugin v26.3 - https:\/\/yoast.com\/wordpress\/plugins\/seo\/ -->\n<title>Pol\u00edtica de Cookies - Vuma Software<\/title>\n<meta name=\"robots\" content=\"index, follow, max-snippet:-1, max-image-preview:large, max-video-preview:-1\" \/>\n<link rel=\"canonical\" href=\"https:\/\/www.vuma3d.com\/es\/politica-de-cookies\/\" \/>\n<meta property=\"og:locale\" content=\"es_ES\" \/>\n<meta property=\"og:type\" content=\"article\" \/>\n<meta property=\"og:title\" content=\"Pol\u00edtica de Cookies - Vuma Software\" \/>\n<meta property=\"og:url\" content=\"https:\/\/www.vuma3d.com\/es\/politica-de-cookies\/\" \/>\n<meta property=\"og:site_name\" content=\"Vuma Software\" \/>\n<meta property=\"article:modified_time\" content=\"2024-07-16T16:53:12+00:00\" \/>\n<meta name=\"twitter:card\" content=\"summary_large_image\" \/>\n<meta name=\"twitter:label1\" content=\"Tiempo de lectura\" \/>\n\t<meta name=\"twitter:data1\" content=\"7 minutos\" \/>\n<script type=\"application\/ld+json\" class=\"yoast-schema-graph\">{\"@context\":\"https:\/\/schema.org\",\"@graph\":[{\"@type\":\"WebPage\",\"@id\":\"https:\/\/www.vuma3d.com\/es\/politica-de-cookies\/\",\"url\":\"https:\/\/www.vuma3d.com\/es\/politica-de-cookies\/\",\"name\":\"Pol\u00edtica de Cookies - Vuma Software\",\"isPartOf\":{\"@id\":\"https:\/\/www.vuma3d.com\/es\/#website\"},\"datePublished\":\"2021-08-05T13:01:41+00:00\",\"dateModified\":\"2024-07-16T16:53:12+00:00\",\"breadcrumb\":{\"@id\":\"https:\/\/www.vuma3d.com\/es\/politica-de-cookies\/#breadcrumb\"},\"inLanguage\":\"es\",\"potentialAction\":[{\"@type\":\"ReadAction\",\"target\":[\"https:\/\/www.vuma3d.com\/es\/politica-de-cookies\/\"]}]},{\"@type\":\"BreadcrumbList\",\"@id\":\"https:\/\/www.vuma3d.com\/es\/politica-de-cookies\/#breadcrumb\",\"itemListElement\":[{\"@type\":\"ListItem\",\"position\":1,\"name\":\"Home\",\"item\":\"https:\/\/www.vuma3d.com\/es\/\"},{\"@type\":\"ListItem\",\"position\":2,\"name\":\"Pol\u00edtica de Cookies\"}]},{\"@type\":\"WebSite\",\"@id\":\"https:\/\/www.vuma3d.com\/es\/#website\",\"url\":\"https:\/\/www.vuma3d.com\/es\/\",\"name\":\"Vuma Software\",\"description\":\"\",\"potentialAction\":[{\"@type\":\"SearchAction\",\"target\":{\"@type\":\"EntryPoint\",\"urlTemplate\":\"https:\/\/www.vuma3d.com\/es\/?s={search_term_string}\"},\"query-input\":{\"@type\":\"PropertyValueSpecification\",\"valueRequired\":true,\"valueName\":\"search_term_string\"}}],\"inLanguage\":\"es\"}]}<\/script>\n<!-- \/ Yoast SEO plugin. -->","yoast_head_json":{"title":"Pol\u00edtica de Cookies - Vuma Software","robots":{"index":"index","follow":"follow","max-snippet":"max-snippet:-1","max-image-preview":"max-image-preview:large","max-video-preview":"max-video-preview:-1"},"canonical":"https:\/\/www.vuma3d.com\/es\/politica-de-cookies\/","og_locale":"es_ES","og_type":"article","og_title":"Pol\u00edtica de Cookies - Vuma Software","og_url":"https:\/\/www.vuma3d.com\/es\/politica-de-cookies\/","og_site_name":"Vuma Software","article_modified_time":"2024-07-16T16:53:12+00:00","twitter_card":"summary_large_image","twitter_misc":{"Tiempo de lectura":"7 minutos"},"schema":{"@context":"https:\/\/schema.org","@graph":[{"@type":"WebPage","@id":"https:\/\/www.vuma3d.com\/es\/politica-de-cookies\/","url":"https:\/\/www.vuma3d.com\/es\/politica-de-cookies\/","name":"Pol\u00edtica de Cookies - Vuma Software","isPartOf":{"@id":"https:\/\/www.vuma3d.com\/es\/#website"},"datePublished":"2021-08-05T13:01:41+00:00","dateModified":"2024-07-16T16:53:12+00:00","breadcrumb":{"@id":"https:\/\/www.vuma3d.com\/es\/politica-de-cookies\/#breadcrumb"},"inLanguage":"es","potentialAction":[{"@type":"ReadAction","target":["https:\/\/www.vuma3d.com\/es\/politica-de-cookies\/"]}]},{"@type":"BreadcrumbList","@id":"https:\/\/www.vuma3d.com\/es\/politica-de-cookies\/#breadcrumb","itemListElement":[{"@type":"ListItem","position":1,"name":"Home","item":"https:\/\/www.vuma3d.com\/es\/"},{"@type":"ListItem","position":2,"name":"Pol\u00edtica de Cookies"}]},{"@type":"WebSite","@id":"https:\/\/www.vuma3d.com\/es\/#website","url":"https:\/\/www.vuma3d.com\/es\/","name":"Vuma Software","description":"","potentialAction":[{"@type":"SearchAction","target":{"@type":"EntryPoint","urlTemplate":"https:\/\/www.vuma3d.com\/es\/?s={search_term_string}"},"query-input":{"@type":"PropertyValueSpecification","valueRequired":true,"valueName":"search_term_string"}}],"inLanguage":"es"}]}},"_links":{"self":[{"href":"https:\/\/www.vuma3d.com\/es\/wp-json\/wp\/v2\/pages\/1243","targetHints":{"allow":["GET"]}}],"collection":[{"href":"https:\/\/www.vuma3d.com\/es\/wp-json\/wp\/v2\/pages"}],"about":[{"href":"https:\/\/www.vuma3d.com\/es\/wp-json\/wp\/v2\/types\/page"}],"author":[{"embeddable":true,"href":"https:\/\/www.vuma3d.com\/es\/wp-json\/wp\/v2\/users\/4"}],"replies":[{"embeddable":true,"href":"https:\/\/www.vuma3d.com\/es\/wp-json\/wp\/v2\/comments?post=1243"}],"version-history":[{"count":6,"href":"https:\/\/www.vuma3d.com\/es\/wp-json\/wp\/v2\/pages\/1243\/revisions"}],"predecessor-version":[{"id":5247,"href":"https:\/\/www.vuma3d.com\/es\/wp-json\/wp\/v2\/pages\/1243\/revisions\/5247"}],"wp:attachment":[{"href":"https:\/\/www.vuma3d.com\/es\/wp-json\/wp\/v2\/media?parent=1243"}],"curies":[{"name":"wp","href":"https:\/\/api.w.org\/{rel}","templated":true}]}}