{"id":1230,"date":"2021-08-05T15:01:38","date_gmt":"2021-08-05T13:01:38","guid":{"rendered":"https:\/\/www.vuma3d.com\/es\/?page_id=1230"},"modified":"2024-07-16T18:43:00","modified_gmt":"2024-07-16T16:43:00","slug":"terminos-y-condiciones","status":"publish","type":"page","link":"https:\/\/www.vuma3d.com\/es\/terminos-y-condiciones\/","title":{"rendered":"T\u00e9rminos y Condiciones"},"content":{"rendered":"<section class=\"l-section wpb_row height_auto width_full\"><div class=\"l-section-h i-cf\"><div class=\"g-cols vc_row via_grid cols_1 laptops-cols_inherit tablets-cols_inherit mobiles-cols_1 valign_top type_default stacking_default\"><div class=\"wpb_column vc_column_container\"><div class=\"vc_column-inner\">\n\t\t\t<!-- START Terms and Conditions REVOLUTION SLIDER 6.7.38 --><p class=\"rs-p-wp-fix\"><\/p>\n\t\t\t<rs-module-wrap id=\"rev_slider_15_1_wrapper\" data-source=\"gallery\" style=\"visibility:hidden;background:transparent;padding:0;margin:0px auto;margin-top:0;margin-bottom:0;\">\n\t\t\t\t<rs-module id=\"rev_slider_15_1\" style=\"\" data-version=\"6.7.38\">\n\t\t\t\t\t<rs-slides style=\"overflow: hidden; position: absolute;\">\n\t\t\t\t\t\t<rs-slide style=\"position: absolute;\" data-key=\"rs-29\" data-title=\"Slide\" data-anim=\"adpr:false;\" data-in=\"o:0;\" data-out=\"a:false;\">\n\t\t\t\t\t\t\t<img decoding=\"async\" src=\"\/\/www.vuma3d.com\/es\/wp-content\/plugins\/revslider\/sr6\/assets\/assets\/dummy.png\" alt=\"Slide\" class=\"rev-slidebg tp-rs-img rs-lazyload\" data-lazyload=\"\/\/www.vuma3d.com\/es\/wp-content\/plugins\/revslider\/sr6\/assets\/assets\/transparent.png\" data-no-retina>\n<!--\n\t\t\t\t\t\t\t--><rs-layer\n\t\t\t\t\t\t\t\tid=\"slider-15-slide-29-layer-0\" \n\t\t\t\t\t\t\t\tdata-type=\"image\"\n\t\t\t\t\t\t\t\tdata-rsp_ch=\"on\"\n\t\t\t\t\t\t\t\tdata-xy=\"x:l,l,c,c;xo:-335px,-450px,115px,0;y:m;\"\n\t\t\t\t\t\t\t\tdata-text=\"w:normal;s:20,16,12,7;l:0,20,15,9;\"\n\t\t\t\t\t\t\t\tdata-dim=\"w:1041px,1038px,1038px,1038px;h:401px,400px,400px,400px;\"\n\t\t\t\t\t\t\t\tdata-frame_0=\"x:-50,-41,-31,-19;\"\n\t\t\t\t\t\t\t\tdata-frame_1=\"sp:500;\"\n\t\t\t\t\t\t\t\tdata-frame_999=\"x:-50,-41,-31,-19;o:0;st:w;sp:500;sR:5000;\"\n\t\t\t\t\t\t\t\tstyle=\"z-index:8;\"\n\t\t\t\t\t\t\t><img decoding=\"async\" src=\"\/\/www.vuma3d.com\/es\/wp-content\/plugins\/revslider\/sr6\/assets\/assets\/dummy.png\" alt=\"\" class=\"tp-rs-img rs-lazyload\" width=\"1041\" height=\"401\" data-lazyload=\"\/\/www.vuma3d.com\/es\/wp-content\/uploads\/2020\/05\/Vuma-Left-Slide-Panel.png\" data-no-retina> \n\t\t\t\t\t\t\t<\/rs-layer><!--\n\n\t\t\t\t\t\t\t--><rs-layer\n\t\t\t\t\t\t\t\tid=\"slider-15-slide-29-layer-1\" \n\t\t\t\t\t\t\t\tdata-type=\"image\"\n\t\t\t\t\t\t\t\tdata-rsp_ch=\"on\"\n\t\t\t\t\t\t\t\tdata-xy=\"x:r;xo:-350px,-450px,-341px,-210px;y:m;\"\n\t\t\t\t\t\t\t\tdata-text=\"w:normal;s:20,16,12,7;l:0,20,15,9;\"\n\t\t\t\t\t\t\t\tdata-dim=\"w:1090px,1087px,825px,508px;h:401px,400px,303px,186px;\"\n\t\t\t\t\t\t\t\tdata-vbility=\"t,t,f,f\"\n\t\t\t\t\t\t\t\tdata-frame_0=\"x:50,41,31,19;\"\n\t\t\t\t\t\t\t\tdata-frame_1=\"st:500;sp:500;sR:500;\"\n\t\t\t\t\t\t\t\tdata-frame_999=\"x:50,41,31,19;o:0;st:w;sp:500;sR:4500;\"\n\t\t\t\t\t\t\t\tstyle=\"z-index:9;\"\n\t\t\t\t\t\t\t><img decoding=\"async\" src=\"\/\/www.vuma3d.com\/es\/wp-content\/plugins\/revslider\/sr6\/assets\/assets\/dummy.png\" alt=\"\" class=\"tp-rs-img rs-lazyload\" width=\"1090\" height=\"401\" data-lazyload=\"\/\/www.vuma3d.com\/es\/wp-content\/uploads\/2021\/08\/Terms-and-Conditions.png\" data-no-retina> \n\t\t\t\t\t\t\t<\/rs-layer><!--\n\n\t\t\t\t\t\t\t--><rs-layer\n\t\t\t\t\t\t\t\tid=\"slider-15-slide-29-layer-2\" \n\t\t\t\t\t\t\t\tdata-type=\"text\"\n\t\t\t\t\t\t\t\tdata-rsp_ch=\"on\"\n\t\t\t\t\t\t\t\tdata-xy=\"x:l,l,c,c;xo:25px,20px,0,0;yo:100px,80px,70px,70px;\"\n\t\t\t\t\t\t\t\tdata-text=\"w:normal;s:35;l:50;fw:500;a:left,left,center,center;\"\n\t\t\t\t\t\t\t\tdata-dim=\"w:auto,400px,303px,450px;\"\n\t\t\t\t\t\t\t\tdata-frame_0=\"y:-50,-41,-31,-19;\"\n\t\t\t\t\t\t\t\tdata-frame_1=\"st:1000;sp:500;sR:1000;\"\n\t\t\t\t\t\t\t\tdata-frame_999=\"y:-50,-41,-31,-19;o:0;st:w;sp:500;sR:4000;\"\n\t\t\t\t\t\t\t\tstyle=\"z-index:13;font-family:'Poppins';\"\n\t\t\t\t\t\t\t>T\u00e9rminos y Condiciones \n\t\t\t\t\t\t\t<\/rs-layer><!--\n\n\t\t\t\t\t\t\t--><rs-layer\n\t\t\t\t\t\t\t\tid=\"slider-15-slide-29-layer-3\" \n\t\t\t\t\t\t\t\tdata-type=\"text\"\n\t\t\t\t\t\t\t\tdata-rsp_ch=\"on\"\n\t\t\t\t\t\t\t\tdata-xy=\"x:l,l,c,c;xo:25px,20px,0,0;y:m;yo:-5px,20px,20px,0;\"\n\t\t\t\t\t\t\t\tdata-text=\"w:normal;s:20,20,20,18;l:25,25,25,23;a:left,left,center,center;\"\n\t\t\t\t\t\t\t\tdata-dim=\"w:450px,400px,450px,400px;\"\n\t\t\t\t\t\t\t\tdata-frame_0=\"sX:2;sY:2;\"\n\t\t\t\t\t\t\t\tdata-frame_0_mask=\"u:t;\"\n\t\t\t\t\t\t\t\tdata-frame_1=\"e:power2.out;st:1500;sp:500;sR:1500;\"\n\t\t\t\t\t\t\t\tdata-frame_1_mask=\"u:t;\"\n\t\t\t\t\t\t\t\tdata-frame_999=\"sX:2;sY:2;o:0;e:power2.out;st:w;sp:500;sR:3500;\"\n\t\t\t\t\t\t\t\tdata-frame_999_mask=\"u:t;\"\n\t\t\t\t\t\t\t\tstyle=\"z-index:12;font-family:'Poppins';\"\n\t\t\t\t\t\t\t>Lea los t\u00e9rminos y condiciones de VUMA a continuaci\u00f3n. \n\t\t\t\t\t\t\t<\/rs-layer><!--\n\n\t\t\t\t\t\t\t--><rs-layer\n\t\t\t\t\t\t\t\tid=\"slider-15-slide-29-layer-15\" \n\t\t\t\t\t\t\t\tclass=\"rev-btn\"\n\t\t\t\t\t\t\t\tdata-type=\"button\"\n\t\t\t\t\t\t\t\tdata-rsp_ch=\"on\"\n\t\t\t\t\t\t\t\tdata-xy=\"x:l,l,c,c;xo:25px,25px,0,0;y:b;yo:100px,80px,70px,70px;\"\n\t\t\t\t\t\t\t\tdata-text=\"w:normal;s:20,20,20,20;l:28,25,25,25;fw:500;\"\n\t\t\t\t\t\t\t\tdata-dim=\"minh:0px,none,none,none;\"\n\t\t\t\t\t\t\t\tdata-actions='id:terminos-y-condiciones;o:click;a:scrollto;offset:-150px;sp:1000ms;e:power1.inOut;'\n\t\t\t\t\t\t\t\tdata-padding=\"t:10;r:20;b:10;l:20;\"\n\t\t\t\t\t\t\t\tdata-frame_0=\"y:50,41,31,19;\"\n\t\t\t\t\t\t\t\tdata-frame_1=\"st:2000;sp:500;sR:2000;\"\n\t\t\t\t\t\t\t\tdata-frame_999=\"y:50,41,31,19;o:0;st:w;sp:500;sR:3000;\"\n\t\t\t\t\t\t\t\tdata-frame_hover=\"bgc:#ff9d00;bor:0px,0px,0px,0px;sp:200;e:power1.inOut;\"\n\t\t\t\t\t\t\t\tstyle=\"z-index:10;background-color:#ffc429;font-family:'Poppins';\"\n\t\t\t\t\t\t\t>M\u00e1s informaci\u00f3n \n\t\t\t\t\t\t\t<\/rs-layer><!--\n-->\t\t\t\t\t<\/rs-slide>\n\t\t\t\t\t<\/rs-slides>\n\t\t\t\t<\/rs-module>\n\t\t\t\t<script>\n\t\t\t\t\tsetREVStartSize({c: 'rev_slider_15_1',rl:[1240,1024,778,480],el:[400,400,400,400],gw:[1240,1024,778,480],gh:[400,400,400,400],type:'standard',justify:'',layout:'fullwidth',mh:\"0\"});if (window.RS_MODULES!==undefined && window.RS_MODULES.modules!==undefined && window.RS_MODULES.modules[\"revslider151\"]!==undefined) {window.RS_MODULES.modules[\"revslider151\"].once = false;window.revapi15 = undefined;if (window.RS_MODULES.checkMinimal!==undefined) window.RS_MODULES.checkMinimal()}\n\t\t\t\t<\/script>\n\t\t\t<\/rs-module-wrap>\n\t\t\t<!-- END REVOLUTION SLIDER -->\n<\/div><\/div><\/div><\/div><\/section><section class=\"l-section wpb_row height_auto\"><div class=\"l-section-h i-cf\"><div class=\"g-cols vc_row via_grid cols_1 laptops-cols_inherit tablets-cols_inherit mobiles-cols_1 valign_top type_default stacking_default\"><div class=\"wpb_column vc_column_container\"><div class=\"vc_column-inner\"><div class=\"w-separator size_custom\" style=\"height:2rem\"><\/div><\/div><\/div><\/div><\/div><\/section><section class=\"l-section wpb_row height_auto width_full\"><div class=\"l-section-h i-cf\"><div class=\"g-cols vc_row via_grid cols_1 laptops-cols_inherit tablets-cols_inherit mobiles-cols_1 valign_top type_default stacking_default\"><div class=\"wpb_column vc_column_container\"><div class=\"vc_column-inner\"><div class=\"w-image align_none\"><div class=\"w-image-h\"><img decoding=\"async\" width=\"1920\" height=\"50\" src=\"https:\/\/www.vuma3d.com\/es\/wp-content\/uploads\/2020\/05\/Vuma-Seperator-Banner-Design.png\" class=\"attachment-full size-full\" alt=\"\" loading=\"lazy\" srcset=\"https:\/\/www.vuma3d.com\/es\/wp-content\/uploads\/2020\/05\/Vuma-Seperator-Banner-Design.png 1920w, https:\/\/www.vuma3d.com\/es\/wp-content\/uploads\/2020\/05\/Vuma-Seperator-Banner-Design-300x8.png 300w, https:\/\/www.vuma3d.com\/es\/wp-content\/uploads\/2020\/05\/Vuma-Seperator-Banner-Design-1024x27.png 1024w\" sizes=\"auto, (max-width: 1920px) 100vw, 1920px\" \/><\/div><\/div><\/div><\/div><\/div><\/div><\/section><section class=\"l-section wpb_row height_medium\" id=\"terminos-y-condiciones\"><div class=\"l-section-h i-cf\"><div class=\"g-cols vc_row via_grid cols_1 laptops-cols_inherit tablets-cols_inherit mobiles-cols_1 valign_top type_default stacking_default\"><div class=\"wpb_column vc_column_container\"><div class=\"vc_column-inner\"><div class=\"wpb_text_column\"><div class=\"wpb_wrapper\"><p><strong>INTRODUCCI\u00d3N<\/strong><\/p>\n<p>Bienvenido\/a a vuma3d.com (en adelante referido como el Sitio web), propiedad y operado por VUMA Software ADCO Pty Ltd (en adelante referido como la Empresa). Estos T\u00e9rminos y Condiciones de uso establecen los t\u00e9rminos que regulan el uso del Sitio web por parte del usuario.<\/p>\n<p><strong>ACEPTACI\u00d3N DE LOS T\u00c9RMINOS<\/strong><\/p>\n<p>Estos T\u00e9rminos entran en vigencia tan pronto como accede al Sitio web y constituyen un acuerdo vinculante entre la Empresa y usted. La versi\u00f3n actual de estos T\u00e9rminos regir\u00e1 tanto los derechos y obligaciones de la Empresa como los suyos cada vez que acceda a este Sitio web. Si no est\u00e1 de acuerdo con alguna disposici\u00f3n contenida en estos T\u00e9rminos, debe dejar de usar inmediatamente el Sitio web. Su omisi\u00f3n de hacerlo, y su continuo uso del Sitio web, significar\u00e1 que ha le\u00eddo, entendido y aceptado las disposiciones de estos T\u00e9rminos.<\/p>\n<p><strong>USO DEL SITIO WEB<\/strong><\/p>\n<p>Al acceder al Sitio web, usted garantiza que su uso del Sitio web es para fines l\u00edcitos, tiene m\u00e1s de 18 a\u00f1os de edad y puede celebrar legalmente un acuerdo con la Empresa.<\/p>\n<p>Adem\u00e1s, usted garantiza que no contravendr\u00e1 ninguna ley sudafricana o internacional al utilizar el Sitio web, cualquier servicio ofrecido en el Sitio web, o cualquier informaci\u00f3n proporcionada por la Empresa a trav\u00e9s de su uso del Sitio web. Excepto seg\u00fan lo autorizado expresamente por estos T\u00e9rminos, no puede usar, alterar, copiar, distribuir o transmitir ning\u00fan contenido contenido en este Sitio web.<\/p>\n<p><strong>USO DE LA INFORMACI\u00d3N<\/strong><\/p>\n<p>La Empresa realiza su negocio de acuerdo con la legislaci\u00f3n sudafricana aplicable a su actividad. Un aspecto de dicho cumplimiento legal se relaciona con la protecci\u00f3n de datos. La Empresa valora la privacidad de su informaci\u00f3n y proteger\u00e1 su informaci\u00f3n personal de acuerdo con las leyes y regulaciones. Esto incluye la Ley de Protecci\u00f3n de la Informaci\u00f3n Personal N\u00ba 4 de 2013 (POPIA).<\/p>\n<p>Al utilizar el Sitio web, usted reconoce, acepta y consiente que la Empresa y nuestros proveedores, o cualquier persona autorizada en nuestro nombre, utilicen su informaci\u00f3n personal, para cualquier fin necesario para que usted utilice el Sitio web, o para que la Empresa le preste cualquier servicio a trav\u00e9s del Sitio web.<\/p>\n<p><strong>MODIFICACI\u00d3N DE LOS T\u00c9RMINOS<\/strong><\/p>\n<p>La Empresa se reserva el derecho de modificar estos T\u00e9rminos en cualquier momento. Cada vez que la Empresa realice alguna modificaci\u00f3n a estos T\u00e9rminos, los T\u00e9rminos modificados se publicar\u00e1n en esta p\u00e1gina, junto con una indicaci\u00f3n en la parte inferior de la p\u00e1gina sobre la fecha en que se revisaron por \u00faltima vez los T\u00e9rminos. Usted acepta revisar estos T\u00e9rminos para cualquier modificaci\u00f3n cada vez que visite el Sitio web. Si no est\u00e1 de acuerdo con alguna modificaci\u00f3n a estos T\u00e9rminos, debe dejar de usar inmediatamente el Sitio web.<\/p>\n<p><strong>DERECHOS DE AUTOR Y PROPIEDAD INTELECTUAL<\/strong><\/p>\n<p>A los efectos de estos T\u00e9rminos, los Derechos de Propiedad Intelectual incluyen todos los derechos de propiedad intelectual, incluyendo, entre otros, patentes, dise\u00f1os, derechos de autor, marcas comerciales, secretos comerciales y conocimientos t\u00e9cnicos, aplicaciones y registros, renovaciones y extensiones.<\/p>\n<p>A menos que se especifique lo contrario en estos T\u00e9rminos, todo el contenido contenido en el Sitio web, o incorporado o integrado en cualquier servicio ofrecido en el Sitio web, incluyendo software, im\u00e1genes, texto, gr\u00e1ficos, ilustraciones, logotipos, branding, fotograf\u00edas y todos los Derechos de Propiedad Intelectual en dicho contenido, pertenecen exclusivamente a la Empresa. Usted acepta que en ning\u00fan momento reclamar\u00e1 el contenido de la Empresa, y a cualquier Derecho de Propiedad Intelectual que subsista en dicho contenido.<\/p>\n<p>Excepto seg\u00fan se especifique expl\u00edcitamente en este documento, nada en estos T\u00e9rminos se considerar\u00e1 que crea una licencia para cualquier Derecho de Propiedad Intelectual perteneciente a la Empresa, y usted acepta que no:<\/p>\n<ul>\n<li>Modificar, trasladar, traducir, localizar o crear obras derivadas del contenido de la Empresa.<\/li>\n<li>Descompilar, desensamblar, invertir la ingenier\u00eda, o intentar reconstruir, identificar o descubrir alg\u00fan c\u00f3digo fuente, ideas subyacentes, t\u00e9cnicas de interfaz de usuario subyacentes o algoritmos contenidos o incorporados en cualquier contenido de la Empresa.<\/li>\n<li>Divulgar alguno del contenido de la Empresa.<\/li>\n<li>Vender, arrendar, licenciar, sublicenciar, copiar, comercializar, reproducir, transmitir o distribuir el contenido de la Empresa.<\/li>\n<li>Realizar conscientemente cualquier acci\u00f3n que cause que alg\u00fan contenido de la Empresa sea colocado en el dominio p\u00fablico.<\/li>\n<\/ul>\n<p><strong>RENUNCIA DE GARANT\u00cdAS Y RESPONSABILIDADES<\/strong><\/p>\n<p>La Empresa no ofrece ninguna garant\u00eda, declaraci\u00f3n o garant\u00eda con respecto al Sitio web y cualquier servicio ofrecido en el Sitio web. Estos se proporcionan \u00abtal cual\u00bb. El uso del Sitio web, cualquier contenido de la Empresa y cualquier servicio ofrecido es totalmente bajo su propio riesgo.<\/p>\n<p>La Empresa no ofrece garant\u00edas o condiciones sobre la calidad, exactitud, confiabilidad, integridad o puntualidad de cualquiera de los anteriores. La Empresa no asume ninguna responsabilidad por errores, omisiones o inexactitudes en el Sitio web, el contenido y cualquier servicio que se pueda ofrecer.<\/p>\n<p>Ni la Empresa ni sus accionistas, directores o empleados (Partes Indemnizadas), ser\u00e1n responsables de ninguna p\u00e9rdida, da\u00f1o, perjuicio y gasto que pueda sufrir usted o cualquier tercero, que pueda atribuirse a su acceso y uso del Sitio web, o cualquier informaci\u00f3n contenida en o recibida a trav\u00e9s del Sitio web.<\/p>\n<p>Las Partes Indemnizadas no ser\u00e1n responsables de ninguna p\u00e9rdida de negocio, datos o beneficios, fallo o indisponibilidad del Sitio web por cualquier motivo, y fallo de cualquier proveedor de servicios de terceros para prestar cualquier servicio que sea necesario para garantizar la disponibilidad del Sitio web.<\/p>\n<p>Usted indemniza por la presente a las Partes Indemnizadas contra cualquier p\u00e9rdida, responsabilidad, da\u00f1o o gasto que pueda sufrir usted o cualquier tercero debido a o que pueda atribuirse a cualquiera de lo anteriormente mencionado.<\/p>\n<p><strong>INDEMNIZACI\u00d3N<\/strong><\/p>\n<p>Adem\u00e1s de las garant\u00edas e indemnizaciones establecidas anteriormente, por la presente usted acepta eximir de responsabilidad a las Partes Indemnizadas de cualquier reclamo, da\u00f1o, obligaci\u00f3n, p\u00e9rdida, responsabilidad, costo o deuda, y gastos que surjan de:<\/p>\n<ul>\n<li>Su violaci\u00f3n de cualquier disposici\u00f3n de estos t\u00e9rminos.<\/li>\n<li>Su violaci\u00f3n de cualquier derecho de terceros, incluidos los Derechos de Propiedad Intelectual, u otro derecho de propiedad o privacidad.<\/li>\n<li>Cualquier reclamo de que el contenido del usuario caus\u00f3 da\u00f1o a un tercero.<\/li>\n<\/ul>\n<p><strong>ENLACES EXTERNOS<\/strong><\/p>\n<p>Se pueden proporcionar enlaces externos para su conveniencia; sin embargo, la Empresa no hace ninguna representaci\u00f3n sobre ning\u00fan sitio web de terceros o su contenido. El uso de cualquier enlace externo proporcionado es completamente bajo su propio riesgo. Es su responsabilidad asegurarse de obtener toda la informaci\u00f3n relevante y de leer la pol\u00edtica de privacidad y seguridad mostrada en cualquier sitio web de terceros. La Empresa no tiene control sobre dichos sitios web de terceros y no ser\u00e1 responsable de ninguna p\u00e9rdida o da\u00f1o que pueda sufrir debido a su uso de sitios web de terceros.<\/p>\n<p><strong>LEY APLICABLE<\/strong><\/p>\n<p>Estos T\u00e9rminos se regir\u00e1n de acuerdo con las leyes de la Rep\u00fablica de Sud\u00e1frica, y usted se somete a la jurisdicci\u00f3n de los tribunales sudafricanos. Si alguna disposici\u00f3n de estos T\u00e9rminos se considera ilegal, nula o por cualquier motivo inaplicable por un tribunal competente en la Rep\u00fablica de Sud\u00e1frica, entonces esa disposici\u00f3n ser\u00e1 divisible de estos T\u00e9rminos y no afectar\u00e1 la validez y aplicabilidad de las disposiciones restantes.<\/p>\n<p>Si tiene alguna pregunta relacionada con los t\u00e9rminos de uso, cont\u00e1ctenos:<\/p>\n<ul>\n<li>Por correo electr\u00f3nico: <a href=\"mailto:info@vuma3d.com\">info@vuma3d.com<\/a><\/li>\n<li>Visitando esta p\u00e1gina en nuestro sitio web: <a href=\"https:\/\/www.vuma3d.com\">www.vuma3d.com<\/a><\/li>\n<li>Por n\u00famero de tel\u00e9fono: <a href=\"tel:0117069797\">+27 (0) 11 706 9797<\/a><\/li>\n<\/ul>\n<p>Los t\u00e9rminos de uso fueron actualizados por \u00faltima vez el 05 de agosto de 2021.<\/p>\n<\/div><\/div><\/div><\/div><\/div><\/div><\/section>\n","protected":false},"excerpt":{"rendered":"T\u00e9rminos y Condiciones Lea los t\u00e9rminos y condiciones de VUMA a continuaci\u00f3n. M\u00e1s informaci\u00f3n INTRODUCCI\u00d3N Bienvenido\/a a vuma3d.com (en adelante referido como el Sitio web), propiedad y operado por VUMA Software ADCO Pty Ltd (en adelante referido como la Empresa). Estos T\u00e9rminos y Condiciones de uso establecen los t\u00e9rminos que regulan el uso del Sitio...","protected":false},"author":4,"featured_media":0,"parent":0,"menu_order":0,"comment_status":"closed","ping_status":"closed","template":"","meta":{"footnotes":""},"class_list":["post-1230","page","type-page","status-publish","hentry"],"yoast_head":"<!-- This site is optimized with the Yoast SEO plugin v26.3 - https:\/\/yoast.com\/wordpress\/plugins\/seo\/ -->\n<title>T\u00e9rminos y Condiciones - Vuma Software<\/title>\n<meta name=\"robots\" content=\"index, follow, max-snippet:-1, max-image-preview:large, max-video-preview:-1\" \/>\n<link rel=\"canonical\" href=\"https:\/\/www.vuma3d.com\/es\/terminos-y-condiciones\/\" \/>\n<meta property=\"og:locale\" content=\"es_ES\" \/>\n<meta property=\"og:type\" content=\"article\" \/>\n<meta property=\"og:title\" content=\"T\u00e9rminos y Condiciones - Vuma Software\" \/>\n<meta property=\"og:url\" content=\"https:\/\/www.vuma3d.com\/es\/terminos-y-condiciones\/\" \/>\n<meta property=\"og:site_name\" content=\"Vuma Software\" \/>\n<meta property=\"article:modified_time\" content=\"2024-07-16T16:43:00+00:00\" \/>\n<meta name=\"twitter:card\" content=\"summary_large_image\" \/>\n<meta name=\"twitter:label1\" content=\"Tiempo de lectura\" \/>\n\t<meta name=\"twitter:data1\" content=\"6 minutos\" \/>\n<script type=\"application\/ld+json\" class=\"yoast-schema-graph\">{\"@context\":\"https:\/\/schema.org\",\"@graph\":[{\"@type\":\"WebPage\",\"@id\":\"https:\/\/www.vuma3d.com\/es\/terminos-y-condiciones\/\",\"url\":\"https:\/\/www.vuma3d.com\/es\/terminos-y-condiciones\/\",\"name\":\"T\u00e9rminos y Condiciones - Vuma Software\",\"isPartOf\":{\"@id\":\"https:\/\/www.vuma3d.com\/es\/#website\"},\"datePublished\":\"2021-08-05T13:01:38+00:00\",\"dateModified\":\"2024-07-16T16:43:00+00:00\",\"breadcrumb\":{\"@id\":\"https:\/\/www.vuma3d.com\/es\/terminos-y-condiciones\/#breadcrumb\"},\"inLanguage\":\"es\",\"potentialAction\":[{\"@type\":\"ReadAction\",\"target\":[\"https:\/\/www.vuma3d.com\/es\/terminos-y-condiciones\/\"]}]},{\"@type\":\"BreadcrumbList\",\"@id\":\"https:\/\/www.vuma3d.com\/es\/terminos-y-condiciones\/#breadcrumb\",\"itemListElement\":[{\"@type\":\"ListItem\",\"position\":1,\"name\":\"Home\",\"item\":\"https:\/\/www.vuma3d.com\/es\/\"},{\"@type\":\"ListItem\",\"position\":2,\"name\":\"T\u00e9rminos y Condiciones\"}]},{\"@type\":\"WebSite\",\"@id\":\"https:\/\/www.vuma3d.com\/es\/#website\",\"url\":\"https:\/\/www.vuma3d.com\/es\/\",\"name\":\"Vuma Software\",\"description\":\"\",\"potentialAction\":[{\"@type\":\"SearchAction\",\"target\":{\"@type\":\"EntryPoint\",\"urlTemplate\":\"https:\/\/www.vuma3d.com\/es\/?s={search_term_string}\"},\"query-input\":{\"@type\":\"PropertyValueSpecification\",\"valueRequired\":true,\"valueName\":\"search_term_string\"}}],\"inLanguage\":\"es\"}]}<\/script>\n<!-- \/ Yoast SEO plugin. -->","yoast_head_json":{"title":"T\u00e9rminos y Condiciones - Vuma Software","robots":{"index":"index","follow":"follow","max-snippet":"max-snippet:-1","max-image-preview":"max-image-preview:large","max-video-preview":"max-video-preview:-1"},"canonical":"https:\/\/www.vuma3d.com\/es\/terminos-y-condiciones\/","og_locale":"es_ES","og_type":"article","og_title":"T\u00e9rminos y Condiciones - Vuma Software","og_url":"https:\/\/www.vuma3d.com\/es\/terminos-y-condiciones\/","og_site_name":"Vuma Software","article_modified_time":"2024-07-16T16:43:00+00:00","twitter_card":"summary_large_image","twitter_misc":{"Tiempo de lectura":"6 minutos"},"schema":{"@context":"https:\/\/schema.org","@graph":[{"@type":"WebPage","@id":"https:\/\/www.vuma3d.com\/es\/terminos-y-condiciones\/","url":"https:\/\/www.vuma3d.com\/es\/terminos-y-condiciones\/","name":"T\u00e9rminos y Condiciones - Vuma Software","isPartOf":{"@id":"https:\/\/www.vuma3d.com\/es\/#website"},"datePublished":"2021-08-05T13:01:38+00:00","dateModified":"2024-07-16T16:43:00+00:00","breadcrumb":{"@id":"https:\/\/www.vuma3d.com\/es\/terminos-y-condiciones\/#breadcrumb"},"inLanguage":"es","potentialAction":[{"@type":"ReadAction","target":["https:\/\/www.vuma3d.com\/es\/terminos-y-condiciones\/"]}]},{"@type":"BreadcrumbList","@id":"https:\/\/www.vuma3d.com\/es\/terminos-y-condiciones\/#breadcrumb","itemListElement":[{"@type":"ListItem","position":1,"name":"Home","item":"https:\/\/www.vuma3d.com\/es\/"},{"@type":"ListItem","position":2,"name":"T\u00e9rminos y Condiciones"}]},{"@type":"WebSite","@id":"https:\/\/www.vuma3d.com\/es\/#website","url":"https:\/\/www.vuma3d.com\/es\/","name":"Vuma Software","description":"","potentialAction":[{"@type":"SearchAction","target":{"@type":"EntryPoint","urlTemplate":"https:\/\/www.vuma3d.com\/es\/?s={search_term_string}"},"query-input":{"@type":"PropertyValueSpecification","valueRequired":true,"valueName":"search_term_string"}}],"inLanguage":"es"}]}},"_links":{"self":[{"href":"https:\/\/www.vuma3d.com\/es\/wp-json\/wp\/v2\/pages\/1230","targetHints":{"allow":["GET"]}}],"collection":[{"href":"https:\/\/www.vuma3d.com\/es\/wp-json\/wp\/v2\/pages"}],"about":[{"href":"https:\/\/www.vuma3d.com\/es\/wp-json\/wp\/v2\/types\/page"}],"author":[{"embeddable":true,"href":"https:\/\/www.vuma3d.com\/es\/wp-json\/wp\/v2\/users\/4"}],"replies":[{"embeddable":true,"href":"https:\/\/www.vuma3d.com\/es\/wp-json\/wp\/v2\/comments?post=1230"}],"version-history":[{"count":7,"href":"https:\/\/www.vuma3d.com\/es\/wp-json\/wp\/v2\/pages\/1230\/revisions"}],"predecessor-version":[{"id":5248,"href":"https:\/\/www.vuma3d.com\/es\/wp-json\/wp\/v2\/pages\/1230\/revisions\/5248"}],"wp:attachment":[{"href":"https:\/\/www.vuma3d.com\/es\/wp-json\/wp\/v2\/media?parent=1230"}],"curies":[{"name":"wp","href":"https:\/\/api.w.org\/{rel}","templated":true}]}}