{"id":1226,"date":"2021-08-05T15:01:34","date_gmt":"2021-08-05T13:01:34","guid":{"rendered":"https:\/\/www.vuma3d.com\/es\/?page_id=1226"},"modified":"2024-07-16T17:09:12","modified_gmt":"2024-07-16T15:09:12","slug":"declaracion-de-politica-de-privacidad","status":"publish","type":"page","link":"https:\/\/www.vuma3d.com\/es\/declaracion-de-politica-de-privacidad\/","title":{"rendered":"Declaraci\u00f3n de Pol\u00edtica de Privacidad"},"content":{"rendered":"<section class=\"l-section wpb_row height_auto width_full\"><div class=\"l-section-h i-cf\"><div class=\"g-cols vc_row via_grid cols_1 laptops-cols_inherit tablets-cols_inherit mobiles-cols_1 valign_top type_default stacking_default\"><div class=\"wpb_column vc_column_container\"><div class=\"vc_column-inner\">\n\t\t\t<!-- START Privacy Policy Statement REVOLUTION SLIDER 6.7.38 --><p class=\"rs-p-wp-fix\"><\/p>\n\t\t\t<rs-module-wrap id=\"rev_slider_14_1_wrapper\" data-source=\"gallery\" style=\"visibility:hidden;background:transparent;padding:0;margin:0px auto;margin-top:0;margin-bottom:0;\">\n\t\t\t\t<rs-module id=\"rev_slider_14_1\" style=\"\" data-version=\"6.7.38\">\n\t\t\t\t\t<rs-slides style=\"overflow: hidden; position: absolute;\">\n\t\t\t\t\t\t<rs-slide style=\"position: absolute;\" data-key=\"rs-28\" data-title=\"Slide\" data-anim=\"adpr:false;\" data-in=\"o:0;\" data-out=\"a:false;\">\n\t\t\t\t\t\t\t<img decoding=\"async\" src=\"\/\/www.vuma3d.com\/es\/wp-content\/plugins\/revslider\/sr6\/assets\/assets\/dummy.png\" alt=\"Slide\" class=\"rev-slidebg tp-rs-img rs-lazyload\" data-lazyload=\"\/\/www.vuma3d.com\/es\/wp-content\/plugins\/revslider\/sr6\/assets\/assets\/transparent.png\" data-no-retina>\n<!--\n\t\t\t\t\t\t\t--><rs-layer\n\t\t\t\t\t\t\t\tid=\"slider-14-slide-28-layer-0\" \n\t\t\t\t\t\t\t\tdata-type=\"image\"\n\t\t\t\t\t\t\t\tdata-rsp_ch=\"on\"\n\t\t\t\t\t\t\t\tdata-xy=\"x:l,l,c,c;xo:-335px,-450px,115px,0;y:m;\"\n\t\t\t\t\t\t\t\tdata-text=\"w:normal;s:20,16,12,7;l:0,20,15,9;\"\n\t\t\t\t\t\t\t\tdata-dim=\"w:1041px,1038px,1038px,1038px;h:401px,400px,400px,400px;\"\n\t\t\t\t\t\t\t\tdata-frame_0=\"x:-50,-41,-31,-19;\"\n\t\t\t\t\t\t\t\tdata-frame_1=\"sp:500;\"\n\t\t\t\t\t\t\t\tdata-frame_999=\"x:-50,-41,-31,-19;o:0;st:w;sp:500;sR:5000;\"\n\t\t\t\t\t\t\t\tstyle=\"z-index:8;\"\n\t\t\t\t\t\t\t><img decoding=\"async\" src=\"\/\/www.vuma3d.com\/es\/wp-content\/plugins\/revslider\/sr6\/assets\/assets\/dummy.png\" alt=\"\" class=\"tp-rs-img rs-lazyload\" width=\"1041\" height=\"401\" data-lazyload=\"\/\/www.vuma3d.com\/es\/wp-content\/uploads\/2020\/05\/Vuma-Left-Slide-Panel.png\" data-no-retina> \n\t\t\t\t\t\t\t<\/rs-layer><!--\n\n\t\t\t\t\t\t\t--><rs-layer\n\t\t\t\t\t\t\t\tid=\"slider-14-slide-28-layer-1\" \n\t\t\t\t\t\t\t\tdata-type=\"image\"\n\t\t\t\t\t\t\t\tdata-rsp_ch=\"on\"\n\t\t\t\t\t\t\t\tdata-xy=\"x:r;xo:-350px,-450px,-341px,-210px;y:m;\"\n\t\t\t\t\t\t\t\tdata-text=\"w:normal;s:20,16,12,7;l:0,20,15,9;\"\n\t\t\t\t\t\t\t\tdata-dim=\"w:1090px,1087px,825px,508px;h:401px,400px,303px,186px;\"\n\t\t\t\t\t\t\t\tdata-vbility=\"t,t,f,f\"\n\t\t\t\t\t\t\t\tdata-frame_0=\"x:50,41,31,19;\"\n\t\t\t\t\t\t\t\tdata-frame_1=\"st:500;sp:500;sR:500;\"\n\t\t\t\t\t\t\t\tdata-frame_999=\"x:50,41,31,19;o:0;st:w;sp:500;sR:4500;\"\n\t\t\t\t\t\t\t\tstyle=\"z-index:9;\"\n\t\t\t\t\t\t\t><img decoding=\"async\" src=\"\/\/www.vuma3d.com\/es\/wp-content\/plugins\/revslider\/sr6\/assets\/assets\/dummy.png\" alt=\"\" class=\"tp-rs-img rs-lazyload\" width=\"1090\" height=\"401\" data-lazyload=\"\/\/www.vuma3d.com\/es\/wp-content\/uploads\/2021\/08\/Privacy-Policy-Statement.png\" data-no-retina> \n\t\t\t\t\t\t\t<\/rs-layer><!--\n\n\t\t\t\t\t\t\t--><rs-layer\n\t\t\t\t\t\t\t\tid=\"slider-14-slide-28-layer-2\" \n\t\t\t\t\t\t\t\tdata-type=\"text\"\n\t\t\t\t\t\t\t\tdata-rsp_ch=\"on\"\n\t\t\t\t\t\t\t\tdata-xy=\"x:l,l,c,c;xo:25px,20px,0,0;yo:100px,110px,110px,110px;\"\n\t\t\t\t\t\t\t\tdata-text=\"w:normal;s:35;l:50;fw:500;\"\n\t\t\t\t\t\t\t\tdata-frame_0=\"y:-50,-41,-31,-19;\"\n\t\t\t\t\t\t\t\tdata-frame_1=\"st:1000;sp:500;sR:1000;\"\n\t\t\t\t\t\t\t\tdata-frame_999=\"y:-50,-41,-31,-19;o:0;st:w;sp:500;sR:4000;\"\n\t\t\t\t\t\t\t\tstyle=\"z-index:13;font-family:'Poppins';\"\n\t\t\t\t\t\t\t>Pol\u00edtica de Privacidad \n\t\t\t\t\t\t\t<\/rs-layer><!--\n\n\t\t\t\t\t\t\t--><rs-layer\n\t\t\t\t\t\t\t\tid=\"slider-14-slide-28-layer-3\" \n\t\t\t\t\t\t\t\tdata-type=\"text\"\n\t\t\t\t\t\t\t\tdata-rsp_ch=\"on\"\n\t\t\t\t\t\t\t\tdata-xy=\"x:l,l,c,c;xo:25px,20px,0,0;y:m;yo:-5px,5px,3px,0;\"\n\t\t\t\t\t\t\t\tdata-text=\"w:normal;s:20,20,20,18;l:25,25,25,23;a:left,left,center,center;\"\n\t\t\t\t\t\t\t\tdata-dim=\"w:450px,400px,450px,400px;\"\n\t\t\t\t\t\t\t\tdata-frame_0=\"sX:2;sY:2;\"\n\t\t\t\t\t\t\t\tdata-frame_0_mask=\"u:t;\"\n\t\t\t\t\t\t\t\tdata-frame_1=\"e:power2.out;st:1500;sp:500;sR:1500;\"\n\t\t\t\t\t\t\t\tdata-frame_1_mask=\"u:t;\"\n\t\t\t\t\t\t\t\tdata-frame_999=\"sX:2;sY:2;o:0;e:power2.out;st:w;sp:500;sR:3500;\"\n\t\t\t\t\t\t\t\tdata-frame_999_mask=\"u:t;\"\n\t\t\t\t\t\t\t\tstyle=\"z-index:12;font-family:'Poppins';\"\n\t\t\t\t\t\t\t>Lea la pol\u00edtica de privacidad de VUMA a continuaci\u00f3n. \n\t\t\t\t\t\t\t<\/rs-layer><!--\n\n\t\t\t\t\t\t\t--><rs-layer\n\t\t\t\t\t\t\t\tid=\"slider-14-slide-28-layer-15\" \n\t\t\t\t\t\t\t\tclass=\"rev-btn\"\n\t\t\t\t\t\t\t\tdata-type=\"button\"\n\t\t\t\t\t\t\t\tdata-rsp_ch=\"on\"\n\t\t\t\t\t\t\t\tdata-xy=\"x:l,l,c,c;xo:25px,25px,0,0;y:b;yo:100px;\"\n\t\t\t\t\t\t\t\tdata-text=\"w:normal;s:20,20,20,20;l:28,25,25,25;fw:500;\"\n\t\t\t\t\t\t\t\tdata-dim=\"minh:0px,none,none,none;\"\n\t\t\t\t\t\t\t\tdata-actions='id:politica-de-privacidad;o:click;a:scrollto;offset:-150px;sp:1000ms;e:power1.inOut;'\n\t\t\t\t\t\t\t\tdata-padding=\"t:10;r:20;b:10;l:20;\"\n\t\t\t\t\t\t\t\tdata-frame_0=\"y:50,41,31,19;\"\n\t\t\t\t\t\t\t\tdata-frame_1=\"st:2000;sp:500;sR:2000;\"\n\t\t\t\t\t\t\t\tdata-frame_999=\"y:50,41,31,19;o:0;st:w;sp:500;sR:3000;\"\n\t\t\t\t\t\t\t\tdata-frame_hover=\"bgc:#ff9d00;bor:0px,0px,0px,0px;sp:200;e:power1.inOut;\"\n\t\t\t\t\t\t\t\tstyle=\"z-index:10;background-color:#ffc429;font-family:'Poppins';\"\n\t\t\t\t\t\t\t>M\u00e1s informaci\u00f3n \n\t\t\t\t\t\t\t<\/rs-layer><!--\n-->\t\t\t\t\t<\/rs-slide>\n\t\t\t\t\t<\/rs-slides>\n\t\t\t\t<\/rs-module>\n\t\t\t\t<script>\n\t\t\t\t\tsetREVStartSize({c: 'rev_slider_14_1',rl:[1240,1024,778,480],el:[400,400,400,400],gw:[1240,1024,778,480],gh:[400,400,400,400],type:'standard',justify:'',layout:'fullwidth',mh:\"0\"});if (window.RS_MODULES!==undefined && window.RS_MODULES.modules!==undefined && window.RS_MODULES.modules[\"revslider141\"]!==undefined) {window.RS_MODULES.modules[\"revslider141\"].once = false;window.revapi14 = undefined;if (window.RS_MODULES.checkMinimal!==undefined) window.RS_MODULES.checkMinimal()}\n\t\t\t\t<\/script>\n\t\t\t<\/rs-module-wrap>\n\t\t\t<!-- END REVOLUTION SLIDER -->\n<\/div><\/div><\/div><\/div><\/section><section class=\"l-section wpb_row height_auto\"><div class=\"l-section-h i-cf\"><div class=\"g-cols vc_row via_grid cols_1 laptops-cols_inherit tablets-cols_inherit mobiles-cols_1 valign_top type_default stacking_default\"><div class=\"wpb_column vc_column_container\"><div class=\"vc_column-inner\"><div class=\"w-separator size_custom\" style=\"height:2rem\"><\/div><\/div><\/div><\/div><\/div><\/section><section class=\"l-section wpb_row height_auto width_full\"><div class=\"l-section-h i-cf\"><div class=\"g-cols vc_row via_grid cols_1 laptops-cols_inherit tablets-cols_inherit mobiles-cols_1 valign_top type_default stacking_default\"><div class=\"wpb_column vc_column_container\"><div class=\"vc_column-inner\"><div class=\"w-image align_none\"><div class=\"w-image-h\"><img decoding=\"async\" width=\"1920\" height=\"50\" src=\"https:\/\/www.vuma3d.com\/es\/wp-content\/uploads\/2020\/05\/Vuma-Seperator-Banner-Design.png\" class=\"attachment-full size-full\" alt=\"\" loading=\"lazy\" srcset=\"https:\/\/www.vuma3d.com\/es\/wp-content\/uploads\/2020\/05\/Vuma-Seperator-Banner-Design.png 1920w, https:\/\/www.vuma3d.com\/es\/wp-content\/uploads\/2020\/05\/Vuma-Seperator-Banner-Design-300x8.png 300w, https:\/\/www.vuma3d.com\/es\/wp-content\/uploads\/2020\/05\/Vuma-Seperator-Banner-Design-1024x27.png 1024w\" sizes=\"auto, (max-width: 1920px) 100vw, 1920px\" \/><\/div><\/div><\/div><\/div><\/div><\/div><\/section><section class=\"l-section wpb_row height_medium\" id=\"politica-de-privacidad\"><div class=\"l-section-h i-cf\"><div class=\"g-cols vc_row via_grid cols_1 laptops-cols_inherit tablets-cols_inherit mobiles-cols_1 valign_top type_default stacking_default\"><div class=\"wpb_column vc_column_container\"><div class=\"vc_column-inner\"><div class=\"wpb_text_column\"><div class=\"wpb_wrapper\"><p>En Sud\u00e1frica, los consumidores tienen una profunda desconfianza y falta de confianza en que las organizaciones utilicen la informaci\u00f3n que recopilan de manera legal y para un prop\u00f3sito acordado. La Ley de Protecci\u00f3n de la Informaci\u00f3n Personal (POPIA) de 2013 es la nueva ley de protecci\u00f3n de datos de Sud\u00e1frica. Se suma a una serie de leyes similares en todo el mundo.<\/p>\n<p>Nosotros, VUMA Software ADCO Pty. Ltd. (en adelante referido como la Empresa), creemos que la privacidad del consumidor es algo que nunca deben cuestionar. Deber\u00eda ser simple, directa y comprendida. Por lo tanto, la Empresa construye su Declaraci\u00f3n de Pol\u00edtica de Privacidad sobre estos tres objetivos:<\/p>\n<ul>\n<li>Respeto a la privacidad del consumidor;<\/li>\n<li>Provisi\u00f3n de transparencia sobre el procesamiento de la informaci\u00f3n;<\/li>\n<li>Provisi\u00f3n de seguridad en lo que respecta al ciberrobo, la p\u00e9rdida de datos y el robo de identidad.<\/li>\n<\/ul>\n<p>Creemos que la privacidad deber\u00eda centrarse en las interacciones privadas del consumidor, el cifrado de datos, la reducci\u00f3n de la permanencia de datos, la seguridad de datos, la interoperabilidad de dispositivos y aplicaciones, y el almacenamiento seguro de datos. Asumimos plena responsabilidad en t\u00e9rminos de la Ley de Protecci\u00f3n de la Informaci\u00f3n Personal de 2013 (POPIA) para tomar todas las medidas razonables para garantizar la protecci\u00f3n de datos y privacidad, y prevenir cualquier violaci\u00f3n o p\u00e9rdida de datos.<\/p>\n<p>La POPIA se trata de seguridad, adem\u00e1s de respetar los derechos del titular de los datos.<\/p>\n<p>La Empresa promover\u00e1 una cultura de privacidad de datos y transformaci\u00f3n digital como una estrategia vital en la complejidad de nuestras operaciones diarias. La Empresa reconoce que no existe una sola herramienta que pueda lograr el cumplimiento total de la POPIA, sino que solo es posible a trav\u00e9s de la conducta \u00e9tica de los empleados y gerentes, y la seguridad y mantenimiento de nuestros sistemas de protecci\u00f3n de datos.<\/p>\n<p>Si tiene alguna pregunta relacionada con esta Pol\u00edtica de Privacidad, por favor cont\u00e1ctenos:<\/p>\n<ul>\n<li>Por correo electr\u00f3nico: <a href=\"mailto:info@vuma3d.com\">info@vuma3d.com<\/a><\/li>\n<li>Visitando esta p\u00e1gina en nuestro sitio web: <a href=\"https:\/\/www.vuma3d.com\">https:\/\/www.vuma3d.com<\/a><\/li>\n<li>Por n\u00famero de tel\u00e9fono: +27 (0) 11 706 9797<\/li>\n<\/ul>\n<p>Esta declaraci\u00f3n de pol\u00edtica de privacidad POPIA fue actualizada por \u00faltima vez el 05 de agosto de 2021.<\/p>\n<\/div><\/div><\/div><\/div><\/div><\/div><\/section>\n","protected":false},"excerpt":{"rendered":"Pol\u00edtica de Privacidad Lea la pol\u00edtica de privacidad de VUMA a continuaci\u00f3n. M\u00e1s informaci\u00f3n En Sud\u00e1frica, los consumidores tienen una profunda desconfianza y falta de confianza en que las organizaciones utilicen la informaci\u00f3n que recopilan de manera legal y para un prop\u00f3sito acordado. La Ley de Protecci\u00f3n de la Informaci\u00f3n Personal (POPIA) de 2013 es...","protected":false},"author":4,"featured_media":0,"parent":0,"menu_order":0,"comment_status":"closed","ping_status":"closed","template":"","meta":{"footnotes":""},"class_list":["post-1226","page","type-page","status-publish","hentry"],"yoast_head":"<!-- This site is optimized with the Yoast SEO plugin v26.3 - https:\/\/yoast.com\/wordpress\/plugins\/seo\/ -->\n<title>Declaraci\u00f3n de Pol\u00edtica de Privacidad - Vuma Software<\/title>\n<meta name=\"robots\" content=\"index, follow, max-snippet:-1, max-image-preview:large, max-video-preview:-1\" \/>\n<link rel=\"canonical\" href=\"https:\/\/www.vuma3d.com\/es\/declaracion-de-politica-de-privacidad\/\" \/>\n<meta property=\"og:locale\" content=\"es_ES\" \/>\n<meta property=\"og:type\" content=\"article\" \/>\n<meta property=\"og:title\" content=\"Declaraci\u00f3n de Pol\u00edtica de Privacidad - Vuma Software\" \/>\n<meta property=\"og:url\" content=\"https:\/\/www.vuma3d.com\/es\/declaracion-de-politica-de-privacidad\/\" \/>\n<meta property=\"og:site_name\" content=\"Vuma Software\" \/>\n<meta property=\"article:modified_time\" content=\"2024-07-16T15:09:12+00:00\" \/>\n<meta name=\"twitter:card\" content=\"summary_large_image\" \/>\n<meta name=\"twitter:label1\" content=\"Tiempo de lectura\" \/>\n\t<meta name=\"twitter:data1\" content=\"2 minutos\" \/>\n<script type=\"application\/ld+json\" class=\"yoast-schema-graph\">{\"@context\":\"https:\/\/schema.org\",\"@graph\":[{\"@type\":\"WebPage\",\"@id\":\"https:\/\/www.vuma3d.com\/es\/declaracion-de-politica-de-privacidad\/\",\"url\":\"https:\/\/www.vuma3d.com\/es\/declaracion-de-politica-de-privacidad\/\",\"name\":\"Declaraci\u00f3n de Pol\u00edtica de Privacidad - Vuma Software\",\"isPartOf\":{\"@id\":\"https:\/\/www.vuma3d.com\/es\/#website\"},\"datePublished\":\"2021-08-05T13:01:34+00:00\",\"dateModified\":\"2024-07-16T15:09:12+00:00\",\"breadcrumb\":{\"@id\":\"https:\/\/www.vuma3d.com\/es\/declaracion-de-politica-de-privacidad\/#breadcrumb\"},\"inLanguage\":\"es\",\"potentialAction\":[{\"@type\":\"ReadAction\",\"target\":[\"https:\/\/www.vuma3d.com\/es\/declaracion-de-politica-de-privacidad\/\"]}]},{\"@type\":\"BreadcrumbList\",\"@id\":\"https:\/\/www.vuma3d.com\/es\/declaracion-de-politica-de-privacidad\/#breadcrumb\",\"itemListElement\":[{\"@type\":\"ListItem\",\"position\":1,\"name\":\"Home\",\"item\":\"https:\/\/www.vuma3d.com\/es\/\"},{\"@type\":\"ListItem\",\"position\":2,\"name\":\"Declaraci\u00f3n de Pol\u00edtica de Privacidad\"}]},{\"@type\":\"WebSite\",\"@id\":\"https:\/\/www.vuma3d.com\/es\/#website\",\"url\":\"https:\/\/www.vuma3d.com\/es\/\",\"name\":\"Vuma Software\",\"description\":\"\",\"potentialAction\":[{\"@type\":\"SearchAction\",\"target\":{\"@type\":\"EntryPoint\",\"urlTemplate\":\"https:\/\/www.vuma3d.com\/es\/?s={search_term_string}\"},\"query-input\":{\"@type\":\"PropertyValueSpecification\",\"valueRequired\":true,\"valueName\":\"search_term_string\"}}],\"inLanguage\":\"es\"}]}<\/script>\n<!-- \/ Yoast SEO plugin. -->","yoast_head_json":{"title":"Declaraci\u00f3n de Pol\u00edtica de Privacidad - Vuma Software","robots":{"index":"index","follow":"follow","max-snippet":"max-snippet:-1","max-image-preview":"max-image-preview:large","max-video-preview":"max-video-preview:-1"},"canonical":"https:\/\/www.vuma3d.com\/es\/declaracion-de-politica-de-privacidad\/","og_locale":"es_ES","og_type":"article","og_title":"Declaraci\u00f3n de Pol\u00edtica de Privacidad - Vuma Software","og_url":"https:\/\/www.vuma3d.com\/es\/declaracion-de-politica-de-privacidad\/","og_site_name":"Vuma Software","article_modified_time":"2024-07-16T15:09:12+00:00","twitter_card":"summary_large_image","twitter_misc":{"Tiempo de lectura":"2 minutos"},"schema":{"@context":"https:\/\/schema.org","@graph":[{"@type":"WebPage","@id":"https:\/\/www.vuma3d.com\/es\/declaracion-de-politica-de-privacidad\/","url":"https:\/\/www.vuma3d.com\/es\/declaracion-de-politica-de-privacidad\/","name":"Declaraci\u00f3n de Pol\u00edtica de Privacidad - Vuma Software","isPartOf":{"@id":"https:\/\/www.vuma3d.com\/es\/#website"},"datePublished":"2021-08-05T13:01:34+00:00","dateModified":"2024-07-16T15:09:12+00:00","breadcrumb":{"@id":"https:\/\/www.vuma3d.com\/es\/declaracion-de-politica-de-privacidad\/#breadcrumb"},"inLanguage":"es","potentialAction":[{"@type":"ReadAction","target":["https:\/\/www.vuma3d.com\/es\/declaracion-de-politica-de-privacidad\/"]}]},{"@type":"BreadcrumbList","@id":"https:\/\/www.vuma3d.com\/es\/declaracion-de-politica-de-privacidad\/#breadcrumb","itemListElement":[{"@type":"ListItem","position":1,"name":"Home","item":"https:\/\/www.vuma3d.com\/es\/"},{"@type":"ListItem","position":2,"name":"Declaraci\u00f3n de Pol\u00edtica de Privacidad"}]},{"@type":"WebSite","@id":"https:\/\/www.vuma3d.com\/es\/#website","url":"https:\/\/www.vuma3d.com\/es\/","name":"Vuma Software","description":"","potentialAction":[{"@type":"SearchAction","target":{"@type":"EntryPoint","urlTemplate":"https:\/\/www.vuma3d.com\/es\/?s={search_term_string}"},"query-input":{"@type":"PropertyValueSpecification","valueRequired":true,"valueName":"search_term_string"}}],"inLanguage":"es"}]}},"_links":{"self":[{"href":"https:\/\/www.vuma3d.com\/es\/wp-json\/wp\/v2\/pages\/1226","targetHints":{"allow":["GET"]}}],"collection":[{"href":"https:\/\/www.vuma3d.com\/es\/wp-json\/wp\/v2\/pages"}],"about":[{"href":"https:\/\/www.vuma3d.com\/es\/wp-json\/wp\/v2\/types\/page"}],"author":[{"embeddable":true,"href":"https:\/\/www.vuma3d.com\/es\/wp-json\/wp\/v2\/users\/4"}],"replies":[{"embeddable":true,"href":"https:\/\/www.vuma3d.com\/es\/wp-json\/wp\/v2\/comments?post=1226"}],"version-history":[{"count":5,"href":"https:\/\/www.vuma3d.com\/es\/wp-json\/wp\/v2\/pages\/1226\/revisions"}],"predecessor-version":[{"id":5232,"href":"https:\/\/www.vuma3d.com\/es\/wp-json\/wp\/v2\/pages\/1226\/revisions\/5232"}],"wp:attachment":[{"href":"https:\/\/www.vuma3d.com\/es\/wp-json\/wp\/v2\/media?parent=1226"}],"curies":[{"name":"wp","href":"https:\/\/api.w.org\/{rel}","templated":true}]}}